{"id":88,"date":"2017-01-02T00:59:03","date_gmt":"2017-01-02T00:59:03","guid":{"rendered":"http:\/\/mft-elaborazioni.de\/?page_id=88"},"modified":"2023-03-22T20:36:40","modified_gmt":"2023-03-22T20:36:40","slug":"instandsetzung","status":"publish","type":"page","link":"https:\/\/mft-elaborazioni.de\/?page_id=88","title":{"rendered":"Instandsetzung"},"content":{"rendered":"\n<h3><span class=\"s1\">Sto\u00dfd\u00e4mpfer \u00dcberholung &#8211; Lancia Ferrari 8,32<\/span><\/h3>\n\n\n\n<figure class=\"is-layout-flex wp-block-gallery-1 wp-block-gallery has-nested-images columns-3 is-cropped\">\n<figure class=\"wp-block-image size-large\"><a href=\"https:\/\/mft-elaborazioni.de\/wp-content\/uploads\/2017\/01\/stossdaempfer1.jpg\"><img decoding=\"async\" loading=\"lazy\" width=\"450\" height=\"675\" data-id=\"296\"  src=\"https:\/\/mft-elaborazioni.de\/wp-content\/uploads\/2017\/01\/stossdaempfer1.jpg\" alt=\"\" class=\"wp-image-296\" srcset=\"https:\/\/mft-elaborazioni.de\/wp-content\/uploads\/2017\/01\/stossdaempfer1.jpg 450w, https:\/\/mft-elaborazioni.de\/wp-content\/uploads\/2017\/01\/stossdaempfer1-200x300.jpg 200w\" sizes=\"(max-width: 450px) 100vw, 450px\" \/><\/a><\/figure>\n\n\n\n<figure class=\"wp-block-image size-large\"><a href=\"https:\/\/mft-elaborazioni.de\/wp-content\/uploads\/2017\/01\/stossdaempfer2.jpg\"><img decoding=\"async\" loading=\"lazy\" width=\"600\" height=\"400\" data-id=\"297\"  src=\"https:\/\/mft-elaborazioni.de\/wp-content\/uploads\/2017\/01\/stossdaempfer2.jpg\" alt=\"\" class=\"wp-image-297\" srcset=\"https:\/\/mft-elaborazioni.de\/wp-content\/uploads\/2017\/01\/stossdaempfer2.jpg 600w, https:\/\/mft-elaborazioni.de\/wp-content\/uploads\/2017\/01\/stossdaempfer2-300x200.jpg 300w\" sizes=\"(max-width: 600px) 100vw, 600px\" \/><\/a><\/figure>\n\n\n\n<figure class=\"wp-block-image size-large\"><a href=\"https:\/\/mft-elaborazioni.de\/wp-content\/uploads\/2017\/01\/stossdaempfer3.jpg\"><img decoding=\"async\" loading=\"lazy\" width=\"600\" height=\"400\" data-id=\"298\"  src=\"https:\/\/mft-elaborazioni.de\/wp-content\/uploads\/2017\/01\/stossdaempfer3.jpg\" alt=\"\" class=\"wp-image-298\" srcset=\"https:\/\/mft-elaborazioni.de\/wp-content\/uploads\/2017\/01\/stossdaempfer3.jpg 600w, https:\/\/mft-elaborazioni.de\/wp-content\/uploads\/2017\/01\/stossdaempfer3-300x200.jpg 300w\" sizes=\"(max-width: 600px) 100vw, 600px\" \/><\/a><\/figure>\n\n\n\n<figure class=\"wp-block-image size-large\"><a href=\"https:\/\/mft-elaborazioni.de\/wp-content\/uploads\/2017\/01\/stossdaempfer4.jpg\"><img decoding=\"async\" loading=\"lazy\" width=\"600\" height=\"400\" data-id=\"299\"  src=\"https:\/\/mft-elaborazioni.de\/wp-content\/uploads\/2017\/01\/stossdaempfer4.jpg\" alt=\"\" class=\"wp-image-299\" srcset=\"https:\/\/mft-elaborazioni.de\/wp-content\/uploads\/2017\/01\/stossdaempfer4.jpg 600w, https:\/\/mft-elaborazioni.de\/wp-content\/uploads\/2017\/01\/stossdaempfer4-300x200.jpg 300w\" sizes=\"(max-width: 600px) 100vw, 600px\" \/><\/a><\/figure>\n<\/figure>\n","protected":false},"excerpt":{"rendered":"<p>Sto\u00dfd\u00e4mpfer \u00dcberholung &#8211; Lancia Ferrari 8,32<\/p>\n","protected":false},"author":1,"featured_media":0,"parent":1215,"menu_order":13,"comment_status":"closed","ping_status":"closed","template":"","meta":[],"_links":{"self":[{"href":"https:\/\/mft-elaborazioni.de\/index.php?rest_route=\/wp\/v2\/pages\/88"}],"collection":[{"href":"https:\/\/mft-elaborazioni.de\/index.php?rest_route=\/wp\/v2\/pages"}],"about":[{"href":"https:\/\/mft-elaborazioni.de\/index.php?rest_route=\/wp\/v2\/types\/page"}],"author":[{"embeddable":true,"href":"https:\/\/mft-elaborazioni.de\/index.php?rest_route=\/wp\/v2\/users\/1"}],"replies":[{"embeddable":true,"href":"https:\/\/mft-elaborazioni.de\/index.php?rest_route=%2Fwp%2Fv2%2Fcomments&post=88"}],"version-history":[{"count":3,"href":"https:\/\/mft-elaborazioni.de\/index.php?rest_route=\/wp\/v2\/pages\/88\/revisions"}],"predecessor-version":[{"id":1349,"href":"https:\/\/mft-elaborazioni.de\/index.php?rest_route=\/wp\/v2\/pages\/88\/revisions\/1349"}],"up":[{"embeddable":true,"href":"https:\/\/mft-elaborazioni.de\/index.php?rest_route=\/wp\/v2\/pages\/1215"}],"wp:attachment":[{"href":"https:\/\/mft-elaborazioni.de\/index.php?rest_route=%2Fwp%2Fv2%2Fmedia&parent=88"}],"curies":[{"name":"wp","href":"https:\/\/api.w.org\/{rel}","templated":true}]}}