{"id":80,"date":"2017-01-02T00:57:06","date_gmt":"2017-01-02T00:57:06","guid":{"rendered":"http:\/\/mft-elaborazioni.de\/?page_id=80"},"modified":"2023-03-22T20:36:16","modified_gmt":"2023-03-22T20:36:16","slug":"schrumpflack","status":"publish","type":"page","link":"https:\/\/mft-elaborazioni.de\/?page_id=80","title":{"rendered":"Schrumpflack"},"content":{"rendered":"\n<p><span class=\"s1\">Schrumpflacke verleihen Autos und Motorr\u00e4dern eine besondere Eleganz. Sie werden seit vielen Jahren in der Auto- und Motorradindustrie verwendet und werden in den Originalfarben von Alfa Romeo, Ferrari, Lamborghini und Maserati hergestellt. Der Witterungsaussetzung sowie dem Kontakt mit Benzin, Diesel\u00f6l, hohen Temperaturen, Sonne und Regen zum Trotz, sind in dieser Zeit keine Anomalien aufgetreten. Eine weitere Eigenschaft des Schrumpflackes ist die direkte Haftung auf einer Vielzahl von Materialien: Holz, normaler Stahl, Edelstahl, Aluminium, Leichtmetalllegierungen, Kupfer, Messing, Glas und Kunststoffen wie ABS, PVC, Polystyrol und Polykarbonat. Die Vorteile von Schrumpflack enthalten ein gl\u00e4nzendes und elegantes Aussehen, besondere H\u00e4rte, Kratz-, Sto\u00df- und Vibrationsfestigkeit, Rostschutzeigenschaft, er widersteht Temperaturen von bis zu 100 \u00b0C, Salzwasser, Benzin und Diesel\u00f6l, er ist Sonnen- und Witterungsbest\u00e4ndig und farbecht.<\/span><\/p>\n\n\n\n<figure class=\"is-layout-flex wp-block-gallery-1 wp-block-gallery has-nested-images columns-3 is-cropped\">\n<figure class=\"wp-block-image size-large\"><a href=\"https:\/\/mft-elaborazioni.de\/wp-content\/uploads\/2017\/01\/bild01-6.jpg\"><img decoding=\"async\" loading=\"lazy\" width=\"600\" height=\"450\" data-id=\"238\"  src=\"https:\/\/mft-elaborazioni.de\/wp-content\/uploads\/2017\/01\/bild01-6.jpg\" alt=\"\" class=\"wp-image-238\" srcset=\"https:\/\/mft-elaborazioni.de\/wp-content\/uploads\/2017\/01\/bild01-6.jpg 600w, https:\/\/mft-elaborazioni.de\/wp-content\/uploads\/2017\/01\/bild01-6-300x225.jpg 300w\" sizes=\"(max-width: 600px) 100vw, 600px\" \/><\/a><\/figure>\n\n\n\n<figure class=\"wp-block-image size-large\"><a href=\"https:\/\/mft-elaborazioni.de\/wp-content\/uploads\/2017\/01\/bild02-7.jpg\"><img decoding=\"async\" loading=\"lazy\" width=\"600\" height=\"450\" data-id=\"239\"  src=\"https:\/\/mft-elaborazioni.de\/wp-content\/uploads\/2017\/01\/bild02-7.jpg\" alt=\"\" class=\"wp-image-239\" srcset=\"https:\/\/mft-elaborazioni.de\/wp-content\/uploads\/2017\/01\/bild02-7.jpg 600w, https:\/\/mft-elaborazioni.de\/wp-content\/uploads\/2017\/01\/bild02-7-300x225.jpg 300w\" sizes=\"(max-width: 600px) 100vw, 600px\" \/><\/a><\/figure>\n\n\n\n<figure class=\"wp-block-image size-large\"><a href=\"https:\/\/mft-elaborazioni.de\/wp-content\/uploads\/2017\/01\/bild03-7.jpg\"><img decoding=\"async\" loading=\"lazy\" width=\"600\" height=\"450\" data-id=\"240\"  src=\"https:\/\/mft-elaborazioni.de\/wp-content\/uploads\/2017\/01\/bild03-7.jpg\" alt=\"\" class=\"wp-image-240\" srcset=\"https:\/\/mft-elaborazioni.de\/wp-content\/uploads\/2017\/01\/bild03-7.jpg 600w, https:\/\/mft-elaborazioni.de\/wp-content\/uploads\/2017\/01\/bild03-7-300x225.jpg 300w\" sizes=\"(max-width: 600px) 100vw, 600px\" \/><\/a><\/figure>\n\n\n\n<figure class=\"wp-block-image size-large\"><a href=\"https:\/\/mft-elaborazioni.de\/wp-content\/uploads\/2017\/01\/bild04-7.jpg\"><img decoding=\"async\" loading=\"lazy\" width=\"600\" height=\"450\" data-id=\"241\"  src=\"https:\/\/mft-elaborazioni.de\/wp-content\/uploads\/2017\/01\/bild04-7.jpg\" alt=\"\" class=\"wp-image-241\" srcset=\"https:\/\/mft-elaborazioni.de\/wp-content\/uploads\/2017\/01\/bild04-7.jpg 600w, https:\/\/mft-elaborazioni.de\/wp-content\/uploads\/2017\/01\/bild04-7-300x225.jpg 300w\" sizes=\"(max-width: 600px) 100vw, 600px\" \/><\/a><\/figure>\n\n\n\n<figure class=\"wp-block-image size-large\"><a href=\"https:\/\/mft-elaborazioni.de\/wp-content\/uploads\/2017\/01\/bild05-7.jpg\"><img decoding=\"async\" loading=\"lazy\" width=\"600\" height=\"450\" data-id=\"242\"  src=\"https:\/\/mft-elaborazioni.de\/wp-content\/uploads\/2017\/01\/bild05-7.jpg\" alt=\"\" class=\"wp-image-242\" srcset=\"https:\/\/mft-elaborazioni.de\/wp-content\/uploads\/2017\/01\/bild05-7.jpg 600w, https:\/\/mft-elaborazioni.de\/wp-content\/uploads\/2017\/01\/bild05-7-300x225.jpg 300w\" sizes=\"(max-width: 600px) 100vw, 600px\" \/><\/a><\/figure>\n\n\n\n<figure class=\"wp-block-image size-large\"><a href=\"https:\/\/mft-elaborazioni.de\/wp-content\/uploads\/2017\/01\/bild06-7.jpg\"><img decoding=\"async\" loading=\"lazy\" width=\"600\" height=\"450\" data-id=\"243\"  src=\"https:\/\/mft-elaborazioni.de\/wp-content\/uploads\/2017\/01\/bild06-7.jpg\" alt=\"\" class=\"wp-image-243\" srcset=\"https:\/\/mft-elaborazioni.de\/wp-content\/uploads\/2017\/01\/bild06-7.jpg 600w, https:\/\/mft-elaborazioni.de\/wp-content\/uploads\/2017\/01\/bild06-7-300x225.jpg 300w\" sizes=\"(max-width: 600px) 100vw, 600px\" \/><\/a><\/figure>\n\n\n\n<figure class=\"wp-block-image size-large\"><a href=\"https:\/\/mft-elaborazioni.de\/wp-content\/uploads\/2017\/01\/bild07-5.jpg\"><img decoding=\"async\" loading=\"lazy\" width=\"600\" height=\"450\" data-id=\"244\"  src=\"https:\/\/mft-elaborazioni.de\/wp-content\/uploads\/2017\/01\/bild07-5.jpg\" alt=\"\" class=\"wp-image-244\" srcset=\"https:\/\/mft-elaborazioni.de\/wp-content\/uploads\/2017\/01\/bild07-5.jpg 600w, https:\/\/mft-elaborazioni.de\/wp-content\/uploads\/2017\/01\/bild07-5-300x225.jpg 300w\" sizes=\"(max-width: 600px) 100vw, 600px\" \/><\/a><\/figure>\n\n\n\n<figure class=\"wp-block-image size-large\"><a href=\"https:\/\/mft-elaborazioni.de\/wp-content\/uploads\/2017\/01\/bild08-5.jpg\"><img decoding=\"async\" loading=\"lazy\" width=\"600\" height=\"450\" data-id=\"245\"  src=\"https:\/\/mft-elaborazioni.de\/wp-content\/uploads\/2017\/01\/bild08-5.jpg\" alt=\"\" class=\"wp-image-245\" srcset=\"https:\/\/mft-elaborazioni.de\/wp-content\/uploads\/2017\/01\/bild08-5.jpg 600w, https:\/\/mft-elaborazioni.de\/wp-content\/uploads\/2017\/01\/bild08-5-300x225.jpg 300w\" sizes=\"(max-width: 600px) 100vw, 600px\" \/><\/a><\/figure>\n\n\n\n<figure class=\"wp-block-image size-large\"><a href=\"https:\/\/mft-elaborazioni.de\/wp-content\/uploads\/2017\/01\/bild09-4.jpg\"><img decoding=\"async\" loading=\"lazy\" width=\"600\" height=\"450\" data-id=\"247\"  src=\"https:\/\/mft-elaborazioni.de\/wp-content\/uploads\/2017\/01\/bild09-4.jpg\" alt=\"\" class=\"wp-image-247\" srcset=\"https:\/\/mft-elaborazioni.de\/wp-content\/uploads\/2017\/01\/bild09-4.jpg 600w, https:\/\/mft-elaborazioni.de\/wp-content\/uploads\/2017\/01\/bild09-4-300x225.jpg 300w\" sizes=\"(max-width: 600px) 100vw, 600px\" \/><\/a><\/figure>\n\n\n\n<figure class=\"wp-block-image size-large\"><a href=\"https:\/\/mft-elaborazioni.de\/wp-content\/uploads\/2017\/01\/bild10-4.jpg\"><img decoding=\"async\" loading=\"lazy\" width=\"600\" height=\"450\" data-id=\"248\"  src=\"https:\/\/mft-elaborazioni.de\/wp-content\/uploads\/2017\/01\/bild10-4.jpg\" alt=\"\" class=\"wp-image-248\" srcset=\"https:\/\/mft-elaborazioni.de\/wp-content\/uploads\/2017\/01\/bild10-4.jpg 600w, https:\/\/mft-elaborazioni.de\/wp-content\/uploads\/2017\/01\/bild10-4-300x225.jpg 300w\" sizes=\"(max-width: 600px) 100vw, 600px\" \/><\/a><\/figure>\n\n\n\n<figure class=\"wp-block-image size-large\"><a href=\"https:\/\/mft-elaborazioni.de\/wp-content\/uploads\/2017\/01\/bild11-3.jpg\"><img decoding=\"async\" loading=\"lazy\" width=\"600\" height=\"450\" data-id=\"249\"  src=\"https:\/\/mft-elaborazioni.de\/wp-content\/uploads\/2017\/01\/bild11-3.jpg\" alt=\"\" class=\"wp-image-249\" srcset=\"https:\/\/mft-elaborazioni.de\/wp-content\/uploads\/2017\/01\/bild11-3.jpg 600w, https:\/\/mft-elaborazioni.de\/wp-content\/uploads\/2017\/01\/bild11-3-300x225.jpg 300w\" sizes=\"(max-width: 600px) 100vw, 600px\" \/><\/a><\/figure>\n\n\n\n<figure class=\"wp-block-image size-large\"><a href=\"https:\/\/mft-elaborazioni.de\/wp-content\/uploads\/2017\/01\/bild12-4.jpg\"><img decoding=\"async\" loading=\"lazy\" width=\"600\" height=\"450\" data-id=\"250\"  src=\"https:\/\/mft-elaborazioni.de\/wp-content\/uploads\/2017\/01\/bild12-4.jpg\" alt=\"\" class=\"wp-image-250\" srcset=\"https:\/\/mft-elaborazioni.de\/wp-content\/uploads\/2017\/01\/bild12-4.jpg 600w, https:\/\/mft-elaborazioni.de\/wp-content\/uploads\/2017\/01\/bild12-4-300x225.jpg 300w\" sizes=\"(max-width: 600px) 100vw, 600px\" \/><\/a><\/figure>\n\n\n\n<figure class=\"wp-block-image size-large\"><a href=\"https:\/\/mft-elaborazioni.de\/wp-content\/uploads\/2017\/01\/bild13-4.jpg\"><img decoding=\"async\" loading=\"lazy\" width=\"600\" height=\"400\" data-id=\"251\"  src=\"https:\/\/mft-elaborazioni.de\/wp-content\/uploads\/2017\/01\/bild13-4.jpg\" alt=\"\" class=\"wp-image-251\" srcset=\"https:\/\/mft-elaborazioni.de\/wp-content\/uploads\/2017\/01\/bild13-4.jpg 600w, https:\/\/mft-elaborazioni.de\/wp-content\/uploads\/2017\/01\/bild13-4-300x200.jpg 300w\" sizes=\"(max-width: 600px) 100vw, 600px\" \/><\/a><\/figure>\n\n\n\n<figure class=\"wp-block-image size-large\"><a href=\"https:\/\/mft-elaborazioni.de\/wp-content\/uploads\/2017\/01\/bild14-4.jpg\"><img decoding=\"async\" loading=\"lazy\" width=\"600\" height=\"450\" data-id=\"252\"  src=\"https:\/\/mft-elaborazioni.de\/wp-content\/uploads\/2017\/01\/bild14-4.jpg\" alt=\"\" class=\"wp-image-252\" srcset=\"https:\/\/mft-elaborazioni.de\/wp-content\/uploads\/2017\/01\/bild14-4.jpg 600w, https:\/\/mft-elaborazioni.de\/wp-content\/uploads\/2017\/01\/bild14-4-300x225.jpg 300w\" sizes=\"(max-width: 600px) 100vw, 600px\" \/><\/a><\/figure>\n\n\n\n<figure class=\"wp-block-image size-large\"><a href=\"https:\/\/mft-elaborazioni.de\/wp-content\/uploads\/2017\/01\/bild15-2.jpg\"><img decoding=\"async\" loading=\"lazy\" width=\"600\" height=\"400\" data-id=\"253\"  src=\"https:\/\/mft-elaborazioni.de\/wp-content\/uploads\/2017\/01\/bild15-2.jpg\" alt=\"\" class=\"wp-image-253\" srcset=\"https:\/\/mft-elaborazioni.de\/wp-content\/uploads\/2017\/01\/bild15-2.jpg 600w, https:\/\/mft-elaborazioni.de\/wp-content\/uploads\/2017\/01\/bild15-2-300x200.jpg 300w\" sizes=\"(max-width: 600px) 100vw, 600px\" \/><\/a><\/figure>\n\n\n\n<figure class=\"wp-block-image size-large\"><a href=\"https:\/\/mft-elaborazioni.de\/wp-content\/uploads\/2017\/01\/bild16-3.jpg\"><img decoding=\"async\" loading=\"lazy\" width=\"600\" height=\"400\" data-id=\"254\"  src=\"https:\/\/mft-elaborazioni.de\/wp-content\/uploads\/2017\/01\/bild16-3.jpg\" alt=\"\" class=\"wp-image-254\" srcset=\"https:\/\/mft-elaborazioni.de\/wp-content\/uploads\/2017\/01\/bild16-3.jpg 600w, https:\/\/mft-elaborazioni.de\/wp-content\/uploads\/2017\/01\/bild16-3-300x200.jpg 300w\" sizes=\"(max-width: 600px) 100vw, 600px\" \/><\/a><\/figure>\n\n\n\n<figure class=\"wp-block-image size-large\"><a href=\"https:\/\/mft-elaborazioni.de\/wp-content\/uploads\/2017\/01\/bild17-2.jpg\"><img decoding=\"async\" loading=\"lazy\" width=\"600\" height=\"400\" data-id=\"255\"  src=\"https:\/\/mft-elaborazioni.de\/wp-content\/uploads\/2017\/01\/bild17-2.jpg\" alt=\"\" class=\"wp-image-255\" srcset=\"https:\/\/mft-elaborazioni.de\/wp-content\/uploads\/2017\/01\/bild17-2.jpg 600w, https:\/\/mft-elaborazioni.de\/wp-content\/uploads\/2017\/01\/bild17-2-300x200.jpg 300w\" sizes=\"(max-width: 600px) 100vw, 600px\" \/><\/a><\/figure>\n<\/figure>\n","protected":false},"excerpt":{"rendered":"<p>Schrumpflacke verleihen Autos und Motorr\u00e4dern eine besondere Eleganz. Sie werden seit vielen Jahren in der Auto- und Motorradindustrie verwendet und werden in den Originalfarben von Alfa Romeo, Ferrari, Lamborghini und Maserati hergestellt. Der Witterungsaussetzung sowie dem Kontakt mit Benzin, Diesel\u00f6l, hohen Temperaturen, Sonne und Regen zum Trotz, sind in dieser Zeit keine Anomalien aufgetreten. Eine [&hellip;]<\/p>\n","protected":false},"author":1,"featured_media":0,"parent":1215,"menu_order":9,"comment_status":"closed","ping_status":"closed","template":"","meta":[],"_links":{"self":[{"href":"https:\/\/mft-elaborazioni.de\/index.php?rest_route=\/wp\/v2\/pages\/80"}],"collection":[{"href":"https:\/\/mft-elaborazioni.de\/index.php?rest_route=\/wp\/v2\/pages"}],"about":[{"href":"https:\/\/mft-elaborazioni.de\/index.php?rest_route=\/wp\/v2\/types\/page"}],"author":[{"embeddable":true,"href":"https:\/\/mft-elaborazioni.de\/index.php?rest_route=\/wp\/v2\/users\/1"}],"replies":[{"embeddable":true,"href":"https:\/\/mft-elaborazioni.de\/index.php?rest_route=%2Fwp%2Fv2%2Fcomments&post=80"}],"version-history":[{"count":3,"href":"https:\/\/mft-elaborazioni.de\/index.php?rest_route=\/wp\/v2\/pages\/80\/revisions"}],"predecessor-version":[{"id":1345,"href":"https:\/\/mft-elaborazioni.de\/index.php?rest_route=\/wp\/v2\/pages\/80\/revisions\/1345"}],"up":[{"embeddable":true,"href":"https:\/\/mft-elaborazioni.de\/index.php?rest_route=\/wp\/v2\/pages\/1215"}],"wp:attachment":[{"href":"https:\/\/mft-elaborazioni.de\/index.php?rest_route=%2Fwp%2Fv2%2Fmedia&parent=80"}],"curies":[{"name":"wp","href":"https:\/\/api.w.org\/{rel}","templated":true}]}}