{"id":78,"date":"2017-01-02T00:56:32","date_gmt":"2017-01-02T00:56:32","guid":{"rendered":"http:\/\/mft-elaborazioni.de\/?page_id=78"},"modified":"2023-03-22T20:36:10","modified_gmt":"2023-03-22T20:36:10","slug":"airbrush","status":"publish","type":"page","link":"https:\/\/mft-elaborazioni.de\/?page_id=78","title":{"rendered":"Airbrush &#038; Pinstriping"},"content":{"rendered":"\n<p><span class=\"s1\">Pinstriping (zu deutsch \u201eLinierung\u201c) bezeichnet das Aufbringen von Zierlinien oder kreativen Zeichnungen, vor allem auf Fahrzeugen. Pinstripes werden mit einem speziellen Pinsel, dem sogenannten Schwertschlepper aufgezeichnet \u2013 komplett frei Hand. Als Farbe werden meist Kunstharzlacke verwendet, hergestellt von darauf spezialisierten Unternehmen. Zus\u00e4tzlich k\u00f6nnen wir Farbe mit einem speziellen Werkzeug aufrollen oder mit Airbrush aufspr\u00fchen und so ihre W\u00fcnsche kreativ und akkurat umsetzen.<\/span><\/p>\n\n\n\n<figure class=\"is-layout-flex wp-block-gallery-1 wp-block-gallery has-nested-images columns-3 is-cropped\">\n<figure class=\"wp-block-image size-large\"><a href=\"https:\/\/mft-elaborazioni.de\/wp-content\/uploads\/2017\/01\/bild01-5.jpg\"><img decoding=\"async\" loading=\"lazy\" width=\"600\" height=\"450\" data-id=\"222\"  src=\"https:\/\/mft-elaborazioni.de\/wp-content\/uploads\/2017\/01\/bild01-5.jpg\" alt=\"\" class=\"wp-image-222\" srcset=\"https:\/\/mft-elaborazioni.de\/wp-content\/uploads\/2017\/01\/bild01-5.jpg 600w, https:\/\/mft-elaborazioni.de\/wp-content\/uploads\/2017\/01\/bild01-5-300x225.jpg 300w\" sizes=\"(max-width: 600px) 100vw, 600px\" \/><\/a><\/figure>\n\n\n\n<figure class=\"wp-block-image size-large\"><a href=\"https:\/\/mft-elaborazioni.de\/wp-content\/uploads\/2017\/01\/bild02-6.jpg\"><img decoding=\"async\" loading=\"lazy\" width=\"600\" height=\"450\" data-id=\"223\"  src=\"https:\/\/mft-elaborazioni.de\/wp-content\/uploads\/2017\/01\/bild02-6.jpg\" alt=\"\" class=\"wp-image-223\" srcset=\"https:\/\/mft-elaborazioni.de\/wp-content\/uploads\/2017\/01\/bild02-6.jpg 600w, https:\/\/mft-elaborazioni.de\/wp-content\/uploads\/2017\/01\/bild02-6-300x225.jpg 300w\" sizes=\"(max-width: 600px) 100vw, 600px\" \/><\/a><\/figure>\n\n\n\n<figure class=\"wp-block-image size-large\"><a href=\"https:\/\/mft-elaborazioni.de\/wp-content\/uploads\/2017\/01\/bild03-6.jpg\"><img decoding=\"async\" loading=\"lazy\" width=\"600\" height=\"450\" data-id=\"224\"  src=\"https:\/\/mft-elaborazioni.de\/wp-content\/uploads\/2017\/01\/bild03-6.jpg\" alt=\"\" class=\"wp-image-224\" srcset=\"https:\/\/mft-elaborazioni.de\/wp-content\/uploads\/2017\/01\/bild03-6.jpg 600w, https:\/\/mft-elaborazioni.de\/wp-content\/uploads\/2017\/01\/bild03-6-300x225.jpg 300w\" sizes=\"(max-width: 600px) 100vw, 600px\" \/><\/a><\/figure>\n\n\n\n<figure class=\"wp-block-image size-large\"><a href=\"https:\/\/mft-elaborazioni.de\/wp-content\/uploads\/2017\/01\/bild04-6.jpg\"><img decoding=\"async\" loading=\"lazy\" width=\"600\" height=\"450\" data-id=\"225\"  src=\"https:\/\/mft-elaborazioni.de\/wp-content\/uploads\/2017\/01\/bild04-6.jpg\" alt=\"\" class=\"wp-image-225\" srcset=\"https:\/\/mft-elaborazioni.de\/wp-content\/uploads\/2017\/01\/bild04-6.jpg 600w, https:\/\/mft-elaborazioni.de\/wp-content\/uploads\/2017\/01\/bild04-6-300x225.jpg 300w\" sizes=\"(max-width: 600px) 100vw, 600px\" \/><\/a><\/figure>\n\n\n\n<figure class=\"wp-block-image size-large\"><a href=\"https:\/\/mft-elaborazioni.de\/wp-content\/uploads\/2017\/01\/bild05-6.jpg\"><img decoding=\"async\" loading=\"lazy\" width=\"600\" height=\"450\" data-id=\"226\"  src=\"https:\/\/mft-elaborazioni.de\/wp-content\/uploads\/2017\/01\/bild05-6.jpg\" alt=\"\" class=\"wp-image-226\" srcset=\"https:\/\/mft-elaborazioni.de\/wp-content\/uploads\/2017\/01\/bild05-6.jpg 600w, https:\/\/mft-elaborazioni.de\/wp-content\/uploads\/2017\/01\/bild05-6-300x225.jpg 300w\" sizes=\"(max-width: 600px) 100vw, 600px\" \/><\/a><\/figure>\n\n\n\n<figure class=\"wp-block-image size-large\"><a href=\"https:\/\/mft-elaborazioni.de\/wp-content\/uploads\/2017\/01\/bild06-6.jpg\"><img decoding=\"async\" loading=\"lazy\" width=\"600\" height=\"450\" data-id=\"228\"  src=\"https:\/\/mft-elaborazioni.de\/wp-content\/uploads\/2017\/01\/bild06-6.jpg\" alt=\"\" class=\"wp-image-228\" srcset=\"https:\/\/mft-elaborazioni.de\/wp-content\/uploads\/2017\/01\/bild06-6.jpg 600w, https:\/\/mft-elaborazioni.de\/wp-content\/uploads\/2017\/01\/bild06-6-300x225.jpg 300w\" sizes=\"(max-width: 600px) 100vw, 600px\" \/><\/a><\/figure>\n\n\n\n<figure class=\"wp-block-image size-large\"><a href=\"https:\/\/mft-elaborazioni.de\/wp-content\/uploads\/2017\/01\/bild07-4.jpg\"><img decoding=\"async\" loading=\"lazy\" width=\"600\" height=\"450\" data-id=\"229\"  src=\"https:\/\/mft-elaborazioni.de\/wp-content\/uploads\/2017\/01\/bild07-4.jpg\" alt=\"\" class=\"wp-image-229\" srcset=\"https:\/\/mft-elaborazioni.de\/wp-content\/uploads\/2017\/01\/bild07-4.jpg 600w, https:\/\/mft-elaborazioni.de\/wp-content\/uploads\/2017\/01\/bild07-4-300x225.jpg 300w\" sizes=\"(max-width: 600px) 100vw, 600px\" \/><\/a><\/figure>\n\n\n\n<figure class=\"wp-block-image size-large\"><a href=\"https:\/\/mft-elaborazioni.de\/wp-content\/uploads\/2017\/01\/bild08-4.jpg\"><img decoding=\"async\" loading=\"lazy\" width=\"450\" height=\"600\" data-id=\"230\"  src=\"https:\/\/mft-elaborazioni.de\/wp-content\/uploads\/2017\/01\/bild08-4.jpg\" alt=\"\" class=\"wp-image-230\" srcset=\"https:\/\/mft-elaborazioni.de\/wp-content\/uploads\/2017\/01\/bild08-4.jpg 450w, https:\/\/mft-elaborazioni.de\/wp-content\/uploads\/2017\/01\/bild08-4-225x300.jpg 225w\" sizes=\"(max-width: 450px) 100vw, 450px\" \/><\/a><figcaption class=\"wp-element-caption\">Back Camera<\/figcaption><\/figure>\n\n\n\n<figure class=\"wp-block-image size-large\"><a href=\"https:\/\/mft-elaborazioni.de\/wp-content\/uploads\/2017\/01\/bild09-3.jpg\"><img decoding=\"async\" loading=\"lazy\" width=\"450\" height=\"600\" data-id=\"231\"  src=\"https:\/\/mft-elaborazioni.de\/wp-content\/uploads\/2017\/01\/bild09-3.jpg\" alt=\"\" class=\"wp-image-231\" srcset=\"https:\/\/mft-elaborazioni.de\/wp-content\/uploads\/2017\/01\/bild09-3.jpg 450w, https:\/\/mft-elaborazioni.de\/wp-content\/uploads\/2017\/01\/bild09-3-225x300.jpg 225w\" sizes=\"(max-width: 450px) 100vw, 450px\" \/><\/a><figcaption class=\"wp-element-caption\">Back Camera<\/figcaption><\/figure>\n\n\n\n<figure class=\"wp-block-image size-large\"><a href=\"https:\/\/mft-elaborazioni.de\/wp-content\/uploads\/2017\/01\/bild10-3.jpg\"><img decoding=\"async\" loading=\"lazy\" width=\"600\" height=\"450\" data-id=\"232\"  src=\"https:\/\/mft-elaborazioni.de\/wp-content\/uploads\/2017\/01\/bild10-3.jpg\" alt=\"\" class=\"wp-image-232\" srcset=\"https:\/\/mft-elaborazioni.de\/wp-content\/uploads\/2017\/01\/bild10-3.jpg 600w, https:\/\/mft-elaborazioni.de\/wp-content\/uploads\/2017\/01\/bild10-3-300x225.jpg 300w\" sizes=\"(max-width: 600px) 100vw, 600px\" \/><\/a><figcaption class=\"wp-element-caption\">Back Camera<\/figcaption><\/figure>\n\n\n\n<figure class=\"wp-block-image size-large\"><a href=\"https:\/\/mft-elaborazioni.de\/wp-content\/uploads\/2017\/01\/bild11-2.jpg\"><img decoding=\"async\" loading=\"lazy\" width=\"450\" height=\"600\" data-id=\"233\"  src=\"https:\/\/mft-elaborazioni.de\/wp-content\/uploads\/2017\/01\/bild11-2.jpg\" alt=\"\" class=\"wp-image-233\" srcset=\"https:\/\/mft-elaborazioni.de\/wp-content\/uploads\/2017\/01\/bild11-2.jpg 450w, https:\/\/mft-elaborazioni.de\/wp-content\/uploads\/2017\/01\/bild11-2-225x300.jpg 225w\" sizes=\"(max-width: 450px) 100vw, 450px\" \/><\/a><figcaption class=\"wp-element-caption\">Back Camera<\/figcaption><\/figure>\n\n\n\n<figure class=\"wp-block-image size-large\"><a href=\"https:\/\/mft-elaborazioni.de\/wp-content\/uploads\/2017\/01\/bild12-3.jpg\"><img decoding=\"async\" loading=\"lazy\" width=\"650\" height=\"486\" data-id=\"234\"  src=\"https:\/\/mft-elaborazioni.de\/wp-content\/uploads\/2017\/01\/bild12-3.jpg\" alt=\"\" class=\"wp-image-234\" srcset=\"https:\/\/mft-elaborazioni.de\/wp-content\/uploads\/2017\/01\/bild12-3.jpg 650w, https:\/\/mft-elaborazioni.de\/wp-content\/uploads\/2017\/01\/bild12-3-300x224.jpg 300w\" sizes=\"(max-width: 650px) 100vw, 650px\" \/><\/a><figcaption class=\"wp-element-caption\">Back Camera<\/figcaption><\/figure>\n\n\n\n<figure class=\"wp-block-image size-large\"><a href=\"https:\/\/mft-elaborazioni.de\/wp-content\/uploads\/2017\/01\/bild13-3.jpg\"><img decoding=\"async\" loading=\"lazy\" width=\"450\" height=\"600\" data-id=\"235\"  src=\"https:\/\/mft-elaborazioni.de\/wp-content\/uploads\/2017\/01\/bild13-3.jpg\" alt=\"\" class=\"wp-image-235\" srcset=\"https:\/\/mft-elaborazioni.de\/wp-content\/uploads\/2017\/01\/bild13-3.jpg 450w, https:\/\/mft-elaborazioni.de\/wp-content\/uploads\/2017\/01\/bild13-3-225x300.jpg 225w\" sizes=\"(max-width: 450px) 100vw, 450px\" \/><\/a><\/figure>\n\n\n\n<figure class=\"wp-block-image size-large\"><a href=\"https:\/\/mft-elaborazioni.de\/wp-content\/uploads\/2017\/01\/bild14-3.jpg\"><img decoding=\"async\" loading=\"lazy\" width=\"450\" height=\"600\" data-id=\"236\"  src=\"https:\/\/mft-elaborazioni.de\/wp-content\/uploads\/2017\/01\/bild14-3.jpg\" alt=\"\" class=\"wp-image-236\" srcset=\"https:\/\/mft-elaborazioni.de\/wp-content\/uploads\/2017\/01\/bild14-3.jpg 450w, https:\/\/mft-elaborazioni.de\/wp-content\/uploads\/2017\/01\/bild14-3-225x300.jpg 225w\" sizes=\"(max-width: 450px) 100vw, 450px\" \/><\/a><figcaption class=\"wp-element-caption\">Back Camera<\/figcaption><\/figure>\n<\/figure>\n","protected":false},"excerpt":{"rendered":"<p>Pinstriping (zu deutsch \u201eLinierung\u201c) bezeichnet das Aufbringen von Zierlinien oder kreativen Zeichnungen, vor allem auf Fahrzeugen. Pinstripes werden mit einem speziellen Pinsel, dem sogenannten Schwertschlepper aufgezeichnet \u2013 komplett frei Hand. Als Farbe werden meist Kunstharzlacke verwendet, hergestellt von darauf spezialisierten Unternehmen. Zus\u00e4tzlich k\u00f6nnen wir Farbe mit einem speziellen Werkzeug aufrollen oder mit Airbrush aufspr\u00fchen und [&hellip;]<\/p>\n","protected":false},"author":1,"featured_media":0,"parent":1215,"menu_order":8,"comment_status":"closed","ping_status":"closed","template":"","meta":[],"_links":{"self":[{"href":"https:\/\/mft-elaborazioni.de\/index.php?rest_route=\/wp\/v2\/pages\/78"}],"collection":[{"href":"https:\/\/mft-elaborazioni.de\/index.php?rest_route=\/wp\/v2\/pages"}],"about":[{"href":"https:\/\/mft-elaborazioni.de\/index.php?rest_route=\/wp\/v2\/types\/page"}],"author":[{"embeddable":true,"href":"https:\/\/mft-elaborazioni.de\/index.php?rest_route=\/wp\/v2\/users\/1"}],"replies":[{"embeddable":true,"href":"https:\/\/mft-elaborazioni.de\/index.php?rest_route=%2Fwp%2Fv2%2Fcomments&post=78"}],"version-history":[{"count":3,"href":"https:\/\/mft-elaborazioni.de\/index.php?rest_route=\/wp\/v2\/pages\/78\/revisions"}],"predecessor-version":[{"id":1344,"href":"https:\/\/mft-elaborazioni.de\/index.php?rest_route=\/wp\/v2\/pages\/78\/revisions\/1344"}],"up":[{"embeddable":true,"href":"https:\/\/mft-elaborazioni.de\/index.php?rest_route=\/wp\/v2\/pages\/1215"}],"wp:attachment":[{"href":"https:\/\/mft-elaborazioni.de\/index.php?rest_route=%2Fwp%2Fv2%2Fmedia&parent=78"}],"curies":[{"name":"wp","href":"https:\/\/api.w.org\/{rel}","templated":true}]}}