{"id":76,"date":"2017-01-02T00:56:05","date_gmt":"2017-01-02T00:56:05","guid":{"rendered":"http:\/\/mft-elaborazioni.de\/?page_id=76"},"modified":"2023-03-22T20:36:02","modified_gmt":"2023-03-22T20:36:02","slug":"diagnose","status":"publish","type":"page","link":"https:\/\/mft-elaborazioni.de\/?page_id=76","title":{"rendered":"Diagnose"},"content":{"rendered":"\n<p><span class=\"s1\">Bei den regelm\u00e4\u00dfigen Wartungen werden R\u00fcckstellungen und Anpassungen notwendig, die ohne ein geeignetes Diagnoseger\u00e4t nicht mehr m\u00f6glich sind. Unsere Diagnoseger\u00e4te erm\u00f6glichen es uns, an allen g\u00e4ngigen Automarken sowie Maserati, Ferrari, Lamborghini, Pagani und Porsche Fehlerdiagnosen aller fahrzeugrelevanter Systeme durchzuf\u00fchren und diese St\u00f6rungen gegebenenfalls zu beheben. Dabei garantieren wir eine g\u00fcnstige und schnelle Reparatur im Falle eines Defekts.<\/span><\/p>\n\n\n\n<figure class=\"is-layout-flex wp-block-gallery-1 wp-block-gallery has-nested-images columns-3 is-cropped\">\n<figure class=\"wp-block-image size-large\"><a href=\"https:\/\/mft-elaborazioni.de\/wp-content\/uploads\/2017\/01\/bild01-4.jpg\"><img decoding=\"async\" loading=\"lazy\" width=\"300\" height=\"225\" data-id=\"213\"  src=\"https:\/\/mft-elaborazioni.de\/wp-content\/uploads\/2017\/01\/bild01-4.jpg\" alt=\"\" class=\"wp-image-213\"\/><\/a><\/figure>\n\n\n\n<figure class=\"wp-block-image size-large\"><a href=\"https:\/\/mft-elaborazioni.de\/wp-content\/uploads\/2017\/01\/bild02-5.jpg\"><img decoding=\"async\" loading=\"lazy\" width=\"300\" height=\"225\" data-id=\"214\"  src=\"https:\/\/mft-elaborazioni.de\/wp-content\/uploads\/2017\/01\/bild02-5.jpg\" alt=\"\" class=\"wp-image-214\"\/><\/a><\/figure>\n\n\n\n<figure class=\"wp-block-image size-large\"><a href=\"https:\/\/mft-elaborazioni.de\/wp-content\/uploads\/2017\/01\/bild03-5.jpg\"><img decoding=\"async\" loading=\"lazy\" width=\"300\" height=\"225\" data-id=\"215\"  src=\"https:\/\/mft-elaborazioni.de\/wp-content\/uploads\/2017\/01\/bild03-5.jpg\" alt=\"\" class=\"wp-image-215\"\/><\/a><\/figure>\n\n\n\n<figure class=\"wp-block-image size-large\"><a href=\"https:\/\/mft-elaborazioni.de\/wp-content\/uploads\/2017\/01\/bild04-5.jpg\"><img decoding=\"async\" loading=\"lazy\" width=\"300\" height=\"225\" data-id=\"216\"  src=\"https:\/\/mft-elaborazioni.de\/wp-content\/uploads\/2017\/01\/bild04-5.jpg\" alt=\"\" class=\"wp-image-216\"\/><\/a><\/figure>\n\n\n\n<figure class=\"wp-block-image size-large\"><a href=\"https:\/\/mft-elaborazioni.de\/wp-content\/uploads\/2017\/01\/bild05-5.jpg\"><img decoding=\"async\" loading=\"lazy\" width=\"400\" height=\"533\" data-id=\"217\"  src=\"https:\/\/mft-elaborazioni.de\/wp-content\/uploads\/2017\/01\/bild05-5.jpg\" alt=\"\" class=\"wp-image-217\" srcset=\"https:\/\/mft-elaborazioni.de\/wp-content\/uploads\/2017\/01\/bild05-5.jpg 400w, https:\/\/mft-elaborazioni.de\/wp-content\/uploads\/2017\/01\/bild05-5-225x300.jpg 225w\" sizes=\"(max-width: 400px) 100vw, 400px\" \/><\/a><\/figure>\n\n\n\n<figure class=\"wp-block-image size-large\"><a href=\"https:\/\/mft-elaborazioni.de\/wp-content\/uploads\/2017\/01\/bild06-5.jpg\"><img decoding=\"async\" loading=\"lazy\" width=\"450\" height=\"498\" data-id=\"218\"  src=\"https:\/\/mft-elaborazioni.de\/wp-content\/uploads\/2017\/01\/bild06-5.jpg\" alt=\"\" class=\"wp-image-218\" srcset=\"https:\/\/mft-elaborazioni.de\/wp-content\/uploads\/2017\/01\/bild06-5.jpg 450w, https:\/\/mft-elaborazioni.de\/wp-content\/uploads\/2017\/01\/bild06-5-271x300.jpg 271w\" sizes=\"(max-width: 450px) 100vw, 450px\" \/><\/a><\/figure>\n\n\n\n<figure class=\"wp-block-image size-large\"><a href=\"https:\/\/mft-elaborazioni.de\/wp-content\/uploads\/2017\/01\/bild07-3.jpg\"><img decoding=\"async\" loading=\"lazy\" width=\"600\" height=\"450\" data-id=\"219\"  src=\"https:\/\/mft-elaborazioni.de\/wp-content\/uploads\/2017\/01\/bild07-3.jpg\" alt=\"\" class=\"wp-image-219\" srcset=\"https:\/\/mft-elaborazioni.de\/wp-content\/uploads\/2017\/01\/bild07-3.jpg 600w, https:\/\/mft-elaborazioni.de\/wp-content\/uploads\/2017\/01\/bild07-3-300x225.jpg 300w\" sizes=\"(max-width: 600px) 100vw, 600px\" \/><\/a><\/figure>\n<\/figure>\n","protected":false},"excerpt":{"rendered":"<p>Bei den regelm\u00e4\u00dfigen Wartungen werden R\u00fcckstellungen und Anpassungen notwendig, die ohne ein geeignetes Diagnoseger\u00e4t nicht mehr m\u00f6glich sind. Unsere Diagnoseger\u00e4te erm\u00f6glichen es uns, an allen g\u00e4ngigen Automarken sowie Maserati, Ferrari, Lamborghini, Pagani und Porsche Fehlerdiagnosen aller fahrzeugrelevanter Systeme durchzuf\u00fchren und diese St\u00f6rungen gegebenenfalls zu beheben. Dabei garantieren wir eine g\u00fcnstige und schnelle Reparatur im Falle [&hellip;]<\/p>\n","protected":false},"author":1,"featured_media":0,"parent":1215,"menu_order":7,"comment_status":"closed","ping_status":"closed","template":"","meta":[],"_links":{"self":[{"href":"https:\/\/mft-elaborazioni.de\/index.php?rest_route=\/wp\/v2\/pages\/76"}],"collection":[{"href":"https:\/\/mft-elaborazioni.de\/index.php?rest_route=\/wp\/v2\/pages"}],"about":[{"href":"https:\/\/mft-elaborazioni.de\/index.php?rest_route=\/wp\/v2\/types\/page"}],"author":[{"embeddable":true,"href":"https:\/\/mft-elaborazioni.de\/index.php?rest_route=\/wp\/v2\/users\/1"}],"replies":[{"embeddable":true,"href":"https:\/\/mft-elaborazioni.de\/index.php?rest_route=%2Fwp%2Fv2%2Fcomments&post=76"}],"version-history":[{"count":3,"href":"https:\/\/mft-elaborazioni.de\/index.php?rest_route=\/wp\/v2\/pages\/76\/revisions"}],"predecessor-version":[{"id":1343,"href":"https:\/\/mft-elaborazioni.de\/index.php?rest_route=\/wp\/v2\/pages\/76\/revisions\/1343"}],"up":[{"embeddable":true,"href":"https:\/\/mft-elaborazioni.de\/index.php?rest_route=\/wp\/v2\/pages\/1215"}],"wp:attachment":[{"href":"https:\/\/mft-elaborazioni.de\/index.php?rest_route=%2Fwp%2Fv2%2Fmedia&parent=76"}],"curies":[{"name":"wp","href":"https:\/\/api.w.org\/{rel}","templated":true}]}}