{"id":74,"date":"2017-01-02T00:55:43","date_gmt":"2017-01-02T00:55:43","guid":{"rendered":"http:\/\/mft-elaborazioni.de\/?page_id=74"},"modified":"2023-03-22T20:35:55","modified_gmt":"2023-03-22T20:35:55","slug":"karosserie","status":"publish","type":"page","link":"https:\/\/mft-elaborazioni.de\/?page_id=74","title":{"rendered":"Karosserie"},"content":{"rendered":"\n<p><span class=\"s1\">Wir unterteilen beim Karosseriebau in vier Kategorien: Reparatur \u2013 Instandsetzung \u2013 Restauration \u2013 Neubau. Zun\u00e4chst wird versucht, die vorhandenen &#8211; wenn auch deformierten &#8211; originalen Karosserieteile mit speziellen Werkzeugen wieder herzurichten. Der Austausch von Fahrzeugteilen erfolgt bei uns nach den Angaben der Fahrzeughersteller mit Originalersatzteilen. Bei der Restauration eines Oldtimers muss man hierbei oft auf nachgefertigte Teile zur\u00fcckgreifen. Gerade bei gr\u00f6\u00dferen Teilen bedarf es dazu einer \u00fcberdurchschnittlichen Kompetenz im Blechtreiben und im Holzformenbau.<\/span><\/p>\n\n\n\n<figure class=\"is-layout-flex wp-block-gallery-1 wp-block-gallery has-nested-images columns-3 is-cropped\">\n<figure class=\"wp-block-image size-large\"><a href=\"https:\/\/mft-elaborazioni.de\/wp-content\/uploads\/2017\/01\/bild01-3.jpg\"><img decoding=\"async\" loading=\"lazy\" width=\"600\" height=\"450\" data-id=\"206\"  src=\"https:\/\/mft-elaborazioni.de\/wp-content\/uploads\/2017\/01\/bild01-3.jpg\" alt=\"\" class=\"wp-image-206\" srcset=\"https:\/\/mft-elaborazioni.de\/wp-content\/uploads\/2017\/01\/bild01-3.jpg 600w, https:\/\/mft-elaborazioni.de\/wp-content\/uploads\/2017\/01\/bild01-3-300x225.jpg 300w\" sizes=\"(max-width: 600px) 100vw, 600px\" \/><\/a><\/figure>\n\n\n\n<figure class=\"wp-block-image size-large\"><a href=\"https:\/\/mft-elaborazioni.de\/wp-content\/uploads\/2017\/01\/bild02-4.jpg\"><img decoding=\"async\" loading=\"lazy\" width=\"600\" height=\"450\" data-id=\"207\"  src=\"https:\/\/mft-elaborazioni.de\/wp-content\/uploads\/2017\/01\/bild02-4.jpg\" alt=\"\" class=\"wp-image-207\" srcset=\"https:\/\/mft-elaborazioni.de\/wp-content\/uploads\/2017\/01\/bild02-4.jpg 600w, https:\/\/mft-elaborazioni.de\/wp-content\/uploads\/2017\/01\/bild02-4-300x225.jpg 300w\" sizes=\"(max-width: 600px) 100vw, 600px\" \/><\/a><\/figure>\n\n\n\n<figure class=\"wp-block-image size-large\"><a href=\"https:\/\/mft-elaborazioni.de\/wp-content\/uploads\/2017\/01\/bild03-4.jpg\"><img decoding=\"async\" loading=\"lazy\" width=\"600\" height=\"450\" data-id=\"208\"  src=\"https:\/\/mft-elaborazioni.de\/wp-content\/uploads\/2017\/01\/bild03-4.jpg\" alt=\"\" class=\"wp-image-208\" srcset=\"https:\/\/mft-elaborazioni.de\/wp-content\/uploads\/2017\/01\/bild03-4.jpg 600w, https:\/\/mft-elaborazioni.de\/wp-content\/uploads\/2017\/01\/bild03-4-300x225.jpg 300w\" sizes=\"(max-width: 600px) 100vw, 600px\" \/><\/a><\/figure>\n\n\n\n<figure class=\"wp-block-image size-large\"><a href=\"https:\/\/mft-elaborazioni.de\/wp-content\/uploads\/2017\/01\/bild04-4.jpg\"><img decoding=\"async\" loading=\"lazy\" width=\"600\" height=\"450\" data-id=\"209\"  src=\"https:\/\/mft-elaborazioni.de\/wp-content\/uploads\/2017\/01\/bild04-4.jpg\" alt=\"\" class=\"wp-image-209\" srcset=\"https:\/\/mft-elaborazioni.de\/wp-content\/uploads\/2017\/01\/bild04-4.jpg 600w, https:\/\/mft-elaborazioni.de\/wp-content\/uploads\/2017\/01\/bild04-4-300x225.jpg 300w\" sizes=\"(max-width: 600px) 100vw, 600px\" \/><\/a><\/figure>\n\n\n\n<figure class=\"wp-block-image size-large\"><a href=\"https:\/\/mft-elaborazioni.de\/wp-content\/uploads\/2017\/01\/bild05-4.jpg\"><img decoding=\"async\" loading=\"lazy\" width=\"600\" height=\"450\" data-id=\"210\"  src=\"https:\/\/mft-elaborazioni.de\/wp-content\/uploads\/2017\/01\/bild05-4.jpg\" alt=\"\" class=\"wp-image-210\" srcset=\"https:\/\/mft-elaborazioni.de\/wp-content\/uploads\/2017\/01\/bild05-4.jpg 600w, https:\/\/mft-elaborazioni.de\/wp-content\/uploads\/2017\/01\/bild05-4-300x225.jpg 300w\" sizes=\"(max-width: 600px) 100vw, 600px\" \/><\/a><\/figure>\n\n\n\n<figure class=\"wp-block-image size-large\"><a href=\"https:\/\/mft-elaborazioni.de\/wp-content\/uploads\/2017\/01\/bild06-4.jpg\"><img decoding=\"async\" loading=\"lazy\" width=\"600\" height=\"450\" data-id=\"211\"  src=\"https:\/\/mft-elaborazioni.de\/wp-content\/uploads\/2017\/01\/bild06-4.jpg\" alt=\"\" class=\"wp-image-211\" srcset=\"https:\/\/mft-elaborazioni.de\/wp-content\/uploads\/2017\/01\/bild06-4.jpg 600w, https:\/\/mft-elaborazioni.de\/wp-content\/uploads\/2017\/01\/bild06-4-300x225.jpg 300w\" sizes=\"(max-width: 600px) 100vw, 600px\" \/><\/a><\/figure>\n<\/figure>\n","protected":false},"excerpt":{"rendered":"<p>Wir unterteilen beim Karosseriebau in vier Kategorien: Reparatur \u2013 Instandsetzung \u2013 Restauration \u2013 Neubau. Zun\u00e4chst wird versucht, die vorhandenen &#8211; wenn auch deformierten &#8211; originalen Karosserieteile mit speziellen Werkzeugen wieder herzurichten. Der Austausch von Fahrzeugteilen erfolgt bei uns nach den Angaben der Fahrzeughersteller mit Originalersatzteilen. Bei der Restauration eines Oldtimers muss man hierbei oft auf [&hellip;]<\/p>\n","protected":false},"author":1,"featured_media":0,"parent":1215,"menu_order":6,"comment_status":"closed","ping_status":"closed","template":"","meta":[],"_links":{"self":[{"href":"https:\/\/mft-elaborazioni.de\/index.php?rest_route=\/wp\/v2\/pages\/74"}],"collection":[{"href":"https:\/\/mft-elaborazioni.de\/index.php?rest_route=\/wp\/v2\/pages"}],"about":[{"href":"https:\/\/mft-elaborazioni.de\/index.php?rest_route=\/wp\/v2\/types\/page"}],"author":[{"embeddable":true,"href":"https:\/\/mft-elaborazioni.de\/index.php?rest_route=\/wp\/v2\/users\/1"}],"replies":[{"embeddable":true,"href":"https:\/\/mft-elaborazioni.de\/index.php?rest_route=%2Fwp%2Fv2%2Fcomments&post=74"}],"version-history":[{"count":3,"href":"https:\/\/mft-elaborazioni.de\/index.php?rest_route=\/wp\/v2\/pages\/74\/revisions"}],"predecessor-version":[{"id":1342,"href":"https:\/\/mft-elaborazioni.de\/index.php?rest_route=\/wp\/v2\/pages\/74\/revisions\/1342"}],"up":[{"embeddable":true,"href":"https:\/\/mft-elaborazioni.de\/index.php?rest_route=\/wp\/v2\/pages\/1215"}],"wp:attachment":[{"href":"https:\/\/mft-elaborazioni.de\/index.php?rest_route=%2Fwp%2Fv2%2Fmedia&parent=74"}],"curies":[{"name":"wp","href":"https:\/\/api.w.org\/{rel}","templated":true}]}}