{"id":66,"date":"2017-01-02T00:53:52","date_gmt":"2017-01-02T00:53:52","guid":{"rendered":"http:\/\/mft-elaborazioni.de\/?page_id=66"},"modified":"2023-03-22T20:35:12","modified_gmt":"2023-03-22T20:35:12","slug":"motoren","status":"publish","type":"page","link":"https:\/\/mft-elaborazioni.de\/?page_id=66","title":{"rendered":"Motoren"},"content":{"rendered":"\n<p><span class=\"s1\">Sie haben einen Motorschaden bei einem neueren Modell oder es bedarf einer General\u00fcberholung ihres Oldtimers? Wir sorgen f\u00fcr eine zeitgerechte und professionelle Instandsetzung. W\u00e4hrend bei aktuellen Wagen mit neuen Werkstoffen gearbeitet wird, bekommt der Motor ihres Oldtimers bzw. Youngtimers eine auf sein Baujahr abgestimmte Reparatur. Einige Teile werden dabei speziell mit hochwertigen Materialien angefertigt, andere wiederum mit neuester Technik ma\u00dfgeschneidert an ihren Motor erg\u00e4nzt. Dabei werden alle verarbeiteten Materialien genau auf ihr Modell abgestimmt. Ob modernes KFZ, Sportwagen, Oldtimer oder Youngtimer, wir bringen ihren Motor wieder zur H\u00f6chstleistung.<\/span><\/p>\n\n\n\n<figure class=\"is-layout-flex wp-block-gallery-1 wp-block-gallery has-nested-images columns-3 is-cropped\">\n<figure class=\"wp-block-image size-large\"><a href=\"https:\/\/mft-elaborazioni.de\/wp-content\/uploads\/2017\/01\/bild03.jpg\"><img decoding=\"async\" loading=\"lazy\" width=\"600\" height=\"450\" data-id=\"107\"  src=\"http:\/\/wordpress.mft-elaborazioni.de\/wp-content\/uploads\/2017\/01\/bild03.jpg\" alt=\"\" class=\"wp-image-107\" srcset=\"https:\/\/mft-elaborazioni.de\/wp-content\/uploads\/2017\/01\/bild03.jpg 600w, https:\/\/mft-elaborazioni.de\/wp-content\/uploads\/2017\/01\/bild03-300x225.jpg 300w\" sizes=\"(max-width: 600px) 100vw, 600px\" \/><\/a><\/figure>\n\n\n\n<figure class=\"wp-block-image size-large\"><a href=\"https:\/\/mft-elaborazioni.de\/wp-content\/uploads\/2017\/01\/bild04.jpg\"><img decoding=\"async\" loading=\"lazy\" width=\"600\" height=\"450\" data-id=\"108\"  src=\"http:\/\/wordpress.mft-elaborazioni.de\/wp-content\/uploads\/2017\/01\/bild04.jpg\" alt=\"\" class=\"wp-image-108\" srcset=\"https:\/\/mft-elaborazioni.de\/wp-content\/uploads\/2017\/01\/bild04.jpg 600w, https:\/\/mft-elaborazioni.de\/wp-content\/uploads\/2017\/01\/bild04-300x225.jpg 300w\" sizes=\"(max-width: 600px) 100vw, 600px\" \/><\/a><\/figure>\n\n\n\n<figure class=\"wp-block-image size-large\"><a href=\"https:\/\/mft-elaborazioni.de\/wp-content\/uploads\/2017\/01\/bild05.jpg\"><img decoding=\"async\" loading=\"lazy\" width=\"600\" height=\"450\" data-id=\"109\"  src=\"http:\/\/wordpress.mft-elaborazioni.de\/wp-content\/uploads\/2017\/01\/bild05.jpg\" alt=\"\" class=\"wp-image-109\" srcset=\"https:\/\/mft-elaborazioni.de\/wp-content\/uploads\/2017\/01\/bild05.jpg 600w, https:\/\/mft-elaborazioni.de\/wp-content\/uploads\/2017\/01\/bild05-300x225.jpg 300w\" sizes=\"(max-width: 600px) 100vw, 600px\" \/><\/a><\/figure>\n\n\n\n<figure class=\"wp-block-image size-large\"><a href=\"https:\/\/mft-elaborazioni.de\/wp-content\/uploads\/2017\/01\/bild06.jpg\"><img decoding=\"async\" loading=\"lazy\" width=\"600\" height=\"450\" data-id=\"110\"  src=\"http:\/\/wordpress.mft-elaborazioni.de\/wp-content\/uploads\/2017\/01\/bild06.jpg\" alt=\"\" class=\"wp-image-110\" srcset=\"https:\/\/mft-elaborazioni.de\/wp-content\/uploads\/2017\/01\/bild06.jpg 600w, https:\/\/mft-elaborazioni.de\/wp-content\/uploads\/2017\/01\/bild06-300x225.jpg 300w\" sizes=\"(max-width: 600px) 100vw, 600px\" \/><\/a><\/figure>\n\n\n\n<figure class=\"wp-block-image size-large\"><a href=\"https:\/\/mft-elaborazioni.de\/wp-content\/uploads\/2017\/01\/bild08.jpg\"><img decoding=\"async\" loading=\"lazy\" width=\"600\" height=\"450\" data-id=\"111\"  src=\"http:\/\/wordpress.mft-elaborazioni.de\/wp-content\/uploads\/2017\/01\/bild08.jpg\" alt=\"\" class=\"wp-image-111\" srcset=\"https:\/\/mft-elaborazioni.de\/wp-content\/uploads\/2017\/01\/bild08.jpg 600w, https:\/\/mft-elaborazioni.de\/wp-content\/uploads\/2017\/01\/bild08-300x225.jpg 300w\" sizes=\"(max-width: 600px) 100vw, 600px\" \/><\/a><\/figure>\n\n\n\n<figure class=\"wp-block-image size-large\"><a href=\"https:\/\/mft-elaborazioni.de\/wp-content\/uploads\/2017\/01\/bild09.jpg\"><img decoding=\"async\" loading=\"lazy\" width=\"600\" height=\"450\" data-id=\"112\"  src=\"http:\/\/wordpress.mft-elaborazioni.de\/wp-content\/uploads\/2017\/01\/bild09.jpg\" alt=\"\" class=\"wp-image-112\" srcset=\"https:\/\/mft-elaborazioni.de\/wp-content\/uploads\/2017\/01\/bild09.jpg 600w, https:\/\/mft-elaborazioni.de\/wp-content\/uploads\/2017\/01\/bild09-300x225.jpg 300w\" sizes=\"(max-width: 600px) 100vw, 600px\" \/><\/a><\/figure>\n\n\n\n<figure class=\"wp-block-image size-large\"><a href=\"https:\/\/mft-elaborazioni.de\/wp-content\/uploads\/2017\/01\/bild10.jpg\"><img decoding=\"async\" loading=\"lazy\" width=\"600\" height=\"450\" data-id=\"113\"  src=\"http:\/\/wordpress.mft-elaborazioni.de\/wp-content\/uploads\/2017\/01\/bild10.jpg\" alt=\"\" class=\"wp-image-113\" srcset=\"https:\/\/mft-elaborazioni.de\/wp-content\/uploads\/2017\/01\/bild10.jpg 600w, https:\/\/mft-elaborazioni.de\/wp-content\/uploads\/2017\/01\/bild10-300x225.jpg 300w\" sizes=\"(max-width: 600px) 100vw, 600px\" \/><\/a><\/figure>\n\n\n\n<figure class=\"wp-block-image size-large\"><a href=\"https:\/\/mft-elaborazioni.de\/wp-content\/uploads\/2017\/01\/bild12.jpg\"><img decoding=\"async\" loading=\"lazy\" width=\"600\" height=\"450\" data-id=\"114\"  src=\"http:\/\/wordpress.mft-elaborazioni.de\/wp-content\/uploads\/2017\/01\/bild12.jpg\" alt=\"\" class=\"wp-image-114\" srcset=\"https:\/\/mft-elaborazioni.de\/wp-content\/uploads\/2017\/01\/bild12.jpg 600w, https:\/\/mft-elaborazioni.de\/wp-content\/uploads\/2017\/01\/bild12-300x225.jpg 300w\" sizes=\"(max-width: 600px) 100vw, 600px\" \/><\/a><\/figure>\n\n\n\n<figure class=\"wp-block-image size-large\"><a href=\"https:\/\/mft-elaborazioni.de\/wp-content\/uploads\/2017\/01\/bild13.jpg\"><img decoding=\"async\" loading=\"lazy\" width=\"600\" height=\"450\" data-id=\"115\"  src=\"http:\/\/wordpress.mft-elaborazioni.de\/wp-content\/uploads\/2017\/01\/bild13.jpg\" alt=\"\" class=\"wp-image-115\" srcset=\"https:\/\/mft-elaborazioni.de\/wp-content\/uploads\/2017\/01\/bild13.jpg 600w, https:\/\/mft-elaborazioni.de\/wp-content\/uploads\/2017\/01\/bild13-300x225.jpg 300w\" sizes=\"(max-width: 600px) 100vw, 600px\" \/><\/a><\/figure>\n\n\n\n<figure class=\"wp-block-image size-large\"><a href=\"https:\/\/mft-elaborazioni.de\/wp-content\/uploads\/2017\/01\/bild14.jpg\"><img decoding=\"async\" loading=\"lazy\" width=\"600\" height=\"450\" data-id=\"116\"  src=\"http:\/\/wordpress.mft-elaborazioni.de\/wp-content\/uploads\/2017\/01\/bild14.jpg\" alt=\"\" class=\"wp-image-116\" srcset=\"https:\/\/mft-elaborazioni.de\/wp-content\/uploads\/2017\/01\/bild14.jpg 600w, https:\/\/mft-elaborazioni.de\/wp-content\/uploads\/2017\/01\/bild14-300x225.jpg 300w\" sizes=\"(max-width: 600px) 100vw, 600px\" \/><\/a><\/figure>\n\n\n\n<figure class=\"wp-block-image size-large\"><a href=\"https:\/\/mft-elaborazioni.de\/wp-content\/uploads\/2017\/01\/bild16.jpg\"><img decoding=\"async\" loading=\"lazy\" width=\"600\" height=\"450\" data-id=\"117\"  src=\"http:\/\/wordpress.mft-elaborazioni.de\/wp-content\/uploads\/2017\/01\/bild16.jpg\" alt=\"\" class=\"wp-image-117\" srcset=\"https:\/\/mft-elaborazioni.de\/wp-content\/uploads\/2017\/01\/bild16.jpg 600w, https:\/\/mft-elaborazioni.de\/wp-content\/uploads\/2017\/01\/bild16-300x225.jpg 300w\" sizes=\"(max-width: 600px) 100vw, 600px\" \/><\/a><\/figure>\n\n\n\n<figure class=\"wp-block-image size-large\"><a href=\"https:\/\/mft-elaborazioni.de\/wp-content\/uploads\/2017\/01\/bild17.jpg\"><img decoding=\"async\" loading=\"lazy\" width=\"600\" height=\"450\" data-id=\"118\"  src=\"http:\/\/wordpress.mft-elaborazioni.de\/wp-content\/uploads\/2017\/01\/bild17.jpg\" alt=\"\" class=\"wp-image-118\" srcset=\"https:\/\/mft-elaborazioni.de\/wp-content\/uploads\/2017\/01\/bild17.jpg 600w, https:\/\/mft-elaborazioni.de\/wp-content\/uploads\/2017\/01\/bild17-300x225.jpg 300w\" sizes=\"(max-width: 600px) 100vw, 600px\" \/><\/a><\/figure>\n\n\n\n<figure class=\"wp-block-image size-large\"><a href=\"https:\/\/mft-elaborazioni.de\/wp-content\/uploads\/2017\/01\/bild18.jpg\"><img decoding=\"async\" loading=\"lazy\" width=\"600\" height=\"450\" data-id=\"119\"  src=\"http:\/\/wordpress.mft-elaborazioni.de\/wp-content\/uploads\/2017\/01\/bild18.jpg\" alt=\"\" class=\"wp-image-119\" srcset=\"https:\/\/mft-elaborazioni.de\/wp-content\/uploads\/2017\/01\/bild18.jpg 600w, https:\/\/mft-elaborazioni.de\/wp-content\/uploads\/2017\/01\/bild18-300x225.jpg 300w\" sizes=\"(max-width: 600px) 100vw, 600px\" \/><\/a><\/figure>\n\n\n\n<figure class=\"wp-block-image size-large\"><a href=\"https:\/\/mft-elaborazioni.de\/wp-content\/uploads\/2017\/01\/bild19.jpg\"><img decoding=\"async\" loading=\"lazy\" width=\"600\" height=\"450\" data-id=\"120\"  src=\"http:\/\/wordpress.mft-elaborazioni.de\/wp-content\/uploads\/2017\/01\/bild19.jpg\" alt=\"\" class=\"wp-image-120\" srcset=\"https:\/\/mft-elaborazioni.de\/wp-content\/uploads\/2017\/01\/bild19.jpg 600w, https:\/\/mft-elaborazioni.de\/wp-content\/uploads\/2017\/01\/bild19-300x225.jpg 300w\" sizes=\"(max-width: 600px) 100vw, 600px\" \/><\/a><\/figure>\n\n\n\n<figure class=\"wp-block-image size-large\"><a href=\"https:\/\/mft-elaborazioni.de\/wp-content\/uploads\/2017\/01\/bild20.jpg\"><img decoding=\"async\" loading=\"lazy\" width=\"600\" height=\"400\" data-id=\"121\"  src=\"http:\/\/wordpress.mft-elaborazioni.de\/wp-content\/uploads\/2017\/01\/bild20.jpg\" alt=\"\" class=\"wp-image-121\" srcset=\"https:\/\/mft-elaborazioni.de\/wp-content\/uploads\/2017\/01\/bild20.jpg 600w, https:\/\/mft-elaborazioni.de\/wp-content\/uploads\/2017\/01\/bild20-300x200.jpg 300w\" sizes=\"(max-width: 600px) 100vw, 600px\" \/><\/a><\/figure>\n\n\n\n<figure class=\"wp-block-image size-large\"><a href=\"https:\/\/mft-elaborazioni.de\/wp-content\/uploads\/2017\/01\/bild21.jpg\"><img decoding=\"async\" loading=\"lazy\" width=\"600\" height=\"400\" data-id=\"122\"  src=\"http:\/\/wordpress.mft-elaborazioni.de\/wp-content\/uploads\/2017\/01\/bild21.jpg\" alt=\"\" class=\"wp-image-122\" srcset=\"https:\/\/mft-elaborazioni.de\/wp-content\/uploads\/2017\/01\/bild21.jpg 600w, https:\/\/mft-elaborazioni.de\/wp-content\/uploads\/2017\/01\/bild21-300x200.jpg 300w\" sizes=\"(max-width: 600px) 100vw, 600px\" \/><\/a><\/figure>\n\n\n\n<figure class=\"wp-block-image size-large\"><a href=\"https:\/\/mft-elaborazioni.de\/wp-content\/uploads\/2017\/01\/bild22.jpg\"><img decoding=\"async\" loading=\"lazy\" width=\"600\" height=\"400\" data-id=\"123\"  src=\"http:\/\/wordpress.mft-elaborazioni.de\/wp-content\/uploads\/2017\/01\/bild22.jpg\" alt=\"\" class=\"wp-image-123\" srcset=\"https:\/\/mft-elaborazioni.de\/wp-content\/uploads\/2017\/01\/bild22.jpg 600w, https:\/\/mft-elaborazioni.de\/wp-content\/uploads\/2017\/01\/bild22-300x200.jpg 300w\" sizes=\"(max-width: 600px) 100vw, 600px\" \/><\/a><\/figure>\n\n\n\n<figure class=\"wp-block-image size-large\"><a href=\"https:\/\/mft-elaborazioni.de\/wp-content\/uploads\/2017\/01\/bild25.jpg\"><img decoding=\"async\" loading=\"lazy\" width=\"600\" height=\"400\" data-id=\"125\"  src=\"http:\/\/wordpress.mft-elaborazioni.de\/wp-content\/uploads\/2017\/01\/bild25.jpg\" alt=\"\" class=\"wp-image-125\" srcset=\"https:\/\/mft-elaborazioni.de\/wp-content\/uploads\/2017\/01\/bild25.jpg 600w, https:\/\/mft-elaborazioni.de\/wp-content\/uploads\/2017\/01\/bild25-300x200.jpg 300w\" sizes=\"(max-width: 600px) 100vw, 600px\" \/><\/a><\/figure>\n\n\n\n<figure class=\"wp-block-image size-large\"><a href=\"https:\/\/mft-elaborazioni.de\/wp-content\/uploads\/2019\/04\/IMG_2954-1-scaled-1.jpg\"><img decoding=\"async\" data-id=\"1148\"  src=\"http:\/\/wordpress.mft-elaborazioni.de\/wp-content\/uploads\/2019\/04\/IMG_2954-1-1024x683.jpg\" alt=\"\" class=\"wp-image-1148\"\/><\/a><\/figure>\n\n\n\n<figure class=\"wp-block-image size-large\"><a href=\"https:\/\/mft-elaborazioni.de\/wp-content\/uploads\/2019\/04\/IMG_2957-scaled-1.jpg\"><img decoding=\"async\" data-id=\"1149\"  src=\"http:\/\/wordpress.mft-elaborazioni.de\/wp-content\/uploads\/2019\/04\/IMG_2957-683x1024.jpg\" alt=\"\" class=\"wp-image-1149\"\/><\/a><\/figure>\n\n\n\n<figure class=\"wp-block-image size-large\"><a href=\"https:\/\/mft-elaborazioni.de\/wp-content\/uploads\/2019\/04\/IMG_2958-scaled-1.jpg\"><img decoding=\"async\" data-id=\"1150\"  src=\"http:\/\/wordpress.mft-elaborazioni.de\/wp-content\/uploads\/2019\/04\/IMG_2958-1024x683.jpg\" alt=\"\" class=\"wp-image-1150\"\/><\/a><\/figure>\n\n\n\n<figure class=\"wp-block-image size-large\"><a href=\"https:\/\/mft-elaborazioni.de\/wp-content\/uploads\/2019\/04\/IMG_2975-scaled-1.jpg\"><img decoding=\"async\" data-id=\"1151\"  src=\"http:\/\/wordpress.mft-elaborazioni.de\/wp-content\/uploads\/2019\/04\/IMG_2975-683x1024.jpg\" alt=\"\" class=\"wp-image-1151\"\/><\/a><\/figure>\n\n\n\n<figure class=\"wp-block-image size-large\"><a href=\"https:\/\/mft-elaborazioni.de\/wp-content\/uploads\/2019\/04\/IMG_4908-scaled-1.jpg\"><img decoding=\"async\" data-id=\"1152\"  src=\"http:\/\/wordpress.mft-elaborazioni.de\/wp-content\/uploads\/2019\/04\/IMG_4908-1024x768.jpg\" alt=\"\" class=\"wp-image-1152\"\/><\/a><\/figure>\n\n\n\n<figure class=\"wp-block-image size-large\"><a href=\"https:\/\/mft-elaborazioni.de\/wp-content\/uploads\/2019\/04\/IMG_4909-scaled-1.jpg\"><img decoding=\"async\" data-id=\"1153\"  src=\"http:\/\/wordpress.mft-elaborazioni.de\/wp-content\/uploads\/2019\/04\/IMG_4909-1024x768.jpg\" alt=\"\" class=\"wp-image-1153\"\/><\/a><\/figure>\n\n\n\n<figure class=\"wp-block-image size-large\"><a href=\"https:\/\/mft-elaborazioni.de\/wp-content\/uploads\/2019\/04\/00c7b074-aa93-4ae3-9aed-bc99e5cd70c6.jpg\"><img decoding=\"async\" loading=\"lazy\" width=\"1024\" height=\"768\" data-id=\"1182\"  src=\"http:\/\/wordpress.mft-elaborazioni.de\/wp-content\/uploads\/2019\/04\/00c7b074-aa93-4ae3-9aed-bc99e5cd70c6-1024x768.jpg\" alt=\"\" class=\"wp-image-1182\" srcset=\"https:\/\/mft-elaborazioni.de\/wp-content\/uploads\/2019\/04\/00c7b074-aa93-4ae3-9aed-bc99e5cd70c6-1024x768.jpg 1024w, https:\/\/mft-elaborazioni.de\/wp-content\/uploads\/2019\/04\/00c7b074-aa93-4ae3-9aed-bc99e5cd70c6-300x225.jpg 300w, https:\/\/mft-elaborazioni.de\/wp-content\/uploads\/2019\/04\/00c7b074-aa93-4ae3-9aed-bc99e5cd70c6-768x576.jpg 768w, https:\/\/mft-elaborazioni.de\/wp-content\/uploads\/2019\/04\/00c7b074-aa93-4ae3-9aed-bc99e5cd70c6-1536x1152.jpg 1536w, https:\/\/mft-elaborazioni.de\/wp-content\/uploads\/2019\/04\/00c7b074-aa93-4ae3-9aed-bc99e5cd70c6.jpg 1600w\" sizes=\"(max-width: 1024px) 100vw, 1024px\" \/><\/a><\/figure>\n\n\n\n<figure class=\"wp-block-image size-large\"><a href=\"https:\/\/mft-elaborazioni.de\/wp-content\/uploads\/2019\/04\/0f1f7a34-8ddd-41c2-836f-05098145e17a.jpg\"><img decoding=\"async\" loading=\"lazy\" width=\"768\" height=\"1024\" data-id=\"1183\"  src=\"http:\/\/wordpress.mft-elaborazioni.de\/wp-content\/uploads\/2019\/04\/0f1f7a34-8ddd-41c2-836f-05098145e17a-768x1024.jpg\" alt=\"\" class=\"wp-image-1183\" srcset=\"https:\/\/mft-elaborazioni.de\/wp-content\/uploads\/2019\/04\/0f1f7a34-8ddd-41c2-836f-05098145e17a-768x1024.jpg 768w, https:\/\/mft-elaborazioni.de\/wp-content\/uploads\/2019\/04\/0f1f7a34-8ddd-41c2-836f-05098145e17a-225x300.jpg 225w, https:\/\/mft-elaborazioni.de\/wp-content\/uploads\/2019\/04\/0f1f7a34-8ddd-41c2-836f-05098145e17a-1152x1536.jpg 1152w, https:\/\/mft-elaborazioni.de\/wp-content\/uploads\/2019\/04\/0f1f7a34-8ddd-41c2-836f-05098145e17a.jpg 1200w\" sizes=\"(max-width: 768px) 100vw, 768px\" \/><\/a><\/figure>\n\n\n\n<figure class=\"wp-block-image size-large\"><a href=\"https:\/\/mft-elaborazioni.de\/wp-content\/uploads\/2019\/04\/97afa169-dae4-4edf-9067-67efb5630c0f.jpg\"><img decoding=\"async\" loading=\"lazy\" width=\"768\" height=\"1024\" data-id=\"1184\"  src=\"http:\/\/wordpress.mft-elaborazioni.de\/wp-content\/uploads\/2019\/04\/97afa169-dae4-4edf-9067-67efb5630c0f-768x1024.jpg\" alt=\"\" class=\"wp-image-1184\" srcset=\"https:\/\/mft-elaborazioni.de\/wp-content\/uploads\/2019\/04\/97afa169-dae4-4edf-9067-67efb5630c0f-768x1024.jpg 768w, https:\/\/mft-elaborazioni.de\/wp-content\/uploads\/2019\/04\/97afa169-dae4-4edf-9067-67efb5630c0f-225x300.jpg 225w, https:\/\/mft-elaborazioni.de\/wp-content\/uploads\/2019\/04\/97afa169-dae4-4edf-9067-67efb5630c0f-1152x1536.jpg 1152w, https:\/\/mft-elaborazioni.de\/wp-content\/uploads\/2019\/04\/97afa169-dae4-4edf-9067-67efb5630c0f.jpg 1200w\" sizes=\"(max-width: 768px) 100vw, 768px\" \/><\/a><\/figure>\n\n\n\n<figure class=\"wp-block-image size-large\"><a href=\"https:\/\/mft-elaborazioni.de\/wp-content\/uploads\/2019\/04\/57031aa7-3fbe-4787-ba9d-5f5b39c70aff.jpg\"><img decoding=\"async\" loading=\"lazy\" width=\"768\" height=\"1024\" data-id=\"1185\"  src=\"http:\/\/wordpress.mft-elaborazioni.de\/wp-content\/uploads\/2019\/04\/57031aa7-3fbe-4787-ba9d-5f5b39c70aff-768x1024.jpg\" alt=\"\" class=\"wp-image-1185\" srcset=\"https:\/\/mft-elaborazioni.de\/wp-content\/uploads\/2019\/04\/57031aa7-3fbe-4787-ba9d-5f5b39c70aff-768x1024.jpg 768w, https:\/\/mft-elaborazioni.de\/wp-content\/uploads\/2019\/04\/57031aa7-3fbe-4787-ba9d-5f5b39c70aff-225x300.jpg 225w, https:\/\/mft-elaborazioni.de\/wp-content\/uploads\/2019\/04\/57031aa7-3fbe-4787-ba9d-5f5b39c70aff-1152x1536.jpg 1152w, https:\/\/mft-elaborazioni.de\/wp-content\/uploads\/2019\/04\/57031aa7-3fbe-4787-ba9d-5f5b39c70aff.jpg 1200w\" sizes=\"(max-width: 768px) 100vw, 768px\" \/><\/a><\/figure>\n\n\n\n<figure class=\"wp-block-image size-large\"><a href=\"https:\/\/mft-elaborazioni.de\/wp-content\/uploads\/2019\/04\/ade55eaf-c14f-4f11-8047-5cb7b98f6dfc.jpg\"><img decoding=\"async\" loading=\"lazy\" width=\"768\" height=\"1024\" data-id=\"1186\"  src=\"http:\/\/wordpress.mft-elaborazioni.de\/wp-content\/uploads\/2019\/04\/ade55eaf-c14f-4f11-8047-5cb7b98f6dfc-768x1024.jpg\" alt=\"\" class=\"wp-image-1186\" srcset=\"https:\/\/mft-elaborazioni.de\/wp-content\/uploads\/2019\/04\/ade55eaf-c14f-4f11-8047-5cb7b98f6dfc-768x1024.jpg 768w, https:\/\/mft-elaborazioni.de\/wp-content\/uploads\/2019\/04\/ade55eaf-c14f-4f11-8047-5cb7b98f6dfc-225x300.jpg 225w, https:\/\/mft-elaborazioni.de\/wp-content\/uploads\/2019\/04\/ade55eaf-c14f-4f11-8047-5cb7b98f6dfc-1152x1536.jpg 1152w, https:\/\/mft-elaborazioni.de\/wp-content\/uploads\/2019\/04\/ade55eaf-c14f-4f11-8047-5cb7b98f6dfc.jpg 1200w\" sizes=\"(max-width: 768px) 100vw, 768px\" \/><\/a><\/figure>\n\n\n\n<figure class=\"wp-block-image size-large\"><a href=\"https:\/\/mft-elaborazioni.de\/wp-content\/uploads\/2019\/04\/d20cc008-4901-4f91-abbe-0ff644c20806.jpg\"><img decoding=\"async\" loading=\"lazy\" width=\"1024\" height=\"768\" data-id=\"1187\"  src=\"http:\/\/wordpress.mft-elaborazioni.de\/wp-content\/uploads\/2019\/04\/d20cc008-4901-4f91-abbe-0ff644c20806-1024x768.jpg\" alt=\"\" class=\"wp-image-1187\" srcset=\"https:\/\/mft-elaborazioni.de\/wp-content\/uploads\/2019\/04\/d20cc008-4901-4f91-abbe-0ff644c20806-1024x768.jpg 1024w, https:\/\/mft-elaborazioni.de\/wp-content\/uploads\/2019\/04\/d20cc008-4901-4f91-abbe-0ff644c20806-300x225.jpg 300w, https:\/\/mft-elaborazioni.de\/wp-content\/uploads\/2019\/04\/d20cc008-4901-4f91-abbe-0ff644c20806-768x576.jpg 768w, https:\/\/mft-elaborazioni.de\/wp-content\/uploads\/2019\/04\/d20cc008-4901-4f91-abbe-0ff644c20806-1536x1152.jpg 1536w, https:\/\/mft-elaborazioni.de\/wp-content\/uploads\/2019\/04\/d20cc008-4901-4f91-abbe-0ff644c20806.jpg 1600w\" sizes=\"(max-width: 1024px) 100vw, 1024px\" \/><\/a><\/figure>\n\n\n\n<figure class=\"wp-block-image size-large\"><a href=\"https:\/\/mft-elaborazioni.de\/wp-content\/uploads\/2019\/04\/becfd598-1ba3-471d-80d2-3b9f28cce86c.jpg\"><img decoding=\"async\" loading=\"lazy\" width=\"1024\" height=\"685\" data-id=\"1189\"  src=\"http:\/\/wordpress.mft-elaborazioni.de\/wp-content\/uploads\/2019\/04\/becfd598-1ba3-471d-80d2-3b9f28cce86c-1024x685.jpg\" alt=\"\" class=\"wp-image-1189\" srcset=\"https:\/\/mft-elaborazioni.de\/wp-content\/uploads\/2019\/04\/becfd598-1ba3-471d-80d2-3b9f28cce86c-1024x685.jpg 1024w, https:\/\/mft-elaborazioni.de\/wp-content\/uploads\/2019\/04\/becfd598-1ba3-471d-80d2-3b9f28cce86c-300x201.jpg 300w, https:\/\/mft-elaborazioni.de\/wp-content\/uploads\/2019\/04\/becfd598-1ba3-471d-80d2-3b9f28cce86c-768x514.jpg 768w, https:\/\/mft-elaborazioni.de\/wp-content\/uploads\/2019\/04\/becfd598-1ba3-471d-80d2-3b9f28cce86c-1536x1027.jpg 1536w, https:\/\/mft-elaborazioni.de\/wp-content\/uploads\/2019\/04\/becfd598-1ba3-471d-80d2-3b9f28cce86c.jpg 1600w\" sizes=\"(max-width: 1024px) 100vw, 1024px\" \/><\/a><\/figure>\n<\/figure>\n","protected":false},"excerpt":{"rendered":"<p>Sie haben einen Motorschaden bei einem neueren Modell oder es bedarf einer General\u00fcberholung ihres Oldtimers? Wir sorgen f\u00fcr eine zeitgerechte und professionelle Instandsetzung. W\u00e4hrend bei aktuellen Wagen mit neuen Werkstoffen gearbeitet wird, bekommt der Motor ihres Oldtimers bzw. Youngtimers eine auf sein Baujahr abgestimmte Reparatur. Einige Teile werden dabei speziell mit hochwertigen Materialien angefertigt, andere [&hellip;]<\/p>\n","protected":false},"author":1,"featured_media":0,"parent":1215,"menu_order":1,"comment_status":"closed","ping_status":"closed","template":"","meta":[],"_links":{"self":[{"href":"https:\/\/mft-elaborazioni.de\/index.php?rest_route=\/wp\/v2\/pages\/66"}],"collection":[{"href":"https:\/\/mft-elaborazioni.de\/index.php?rest_route=\/wp\/v2\/pages"}],"about":[{"href":"https:\/\/mft-elaborazioni.de\/index.php?rest_route=\/wp\/v2\/types\/page"}],"author":[{"embeddable":true,"href":"https:\/\/mft-elaborazioni.de\/index.php?rest_route=\/wp\/v2\/users\/1"}],"replies":[{"embeddable":true,"href":"https:\/\/mft-elaborazioni.de\/index.php?rest_route=%2Fwp%2Fv2%2Fcomments&post=66"}],"version-history":[{"count":7,"href":"https:\/\/mft-elaborazioni.de\/index.php?rest_route=\/wp\/v2\/pages\/66\/revisions"}],"predecessor-version":[{"id":1379,"href":"https:\/\/mft-elaborazioni.de\/index.php?rest_route=\/wp\/v2\/pages\/66\/revisions\/1379"}],"up":[{"embeddable":true,"href":"https:\/\/mft-elaborazioni.de\/index.php?rest_route=\/wp\/v2\/pages\/1215"}],"wp:attachment":[{"href":"https:\/\/mft-elaborazioni.de\/index.php?rest_route=%2Fwp%2Fv2%2Fmedia&parent=66"}],"curies":[{"name":"wp","href":"https:\/\/api.w.org\/{rel}","templated":true}]}}