{"id":57,"date":"2016-12-28T23:33:40","date_gmt":"2016-12-28T23:33:40","guid":{"rendered":"http:\/\/mft-elaborazioni.de\/?page_id=57"},"modified":"2023-03-20T23:43:46","modified_gmt":"2023-03-20T23:43:46","slug":"impressum","status":"publish","type":"page","link":"https:\/\/mft-elaborazioni.de\/?page_id=57","title":{"rendered":"Impressum"},"content":{"rendered":"\n<p>Angaben gem\u00e4\u00df \u00a7 5 TMG:<\/p>\n\n\n\n<p>MFT Elaborazioni Sportwagenservice<br>Gro\u00dfe Gasse 35<br>61130 Nidderau<\/p>\n\n\n\n<p>Vertretungsberechtigter Gesch\u00e4ftsf\u00fchrer: Francesco Testa<\/p>\n\n\n\n<p>Verantwortlich f\u00fcr den Inhalt nach \u00a7 55 Abs. 2 RStV:<br>Francesco Testa<\/p>\n\n\n\n<p>Kontakt:<br>Telefon: +49(0)6187-905 312 3<br>Telefax: +49(0)6187-936 808<br>E-Mail: info@mft-elaborazioni.de<\/p>\n\n\n\n<p>Umsatzsteuer-ID:<br>Umsatzsteuer-Identifikationsnummer gem\u00e4\u00df \u00a727 a Umsatzsteuergesetz:<br>DE322074506<\/p>\n\n\n\n<p>Rechtlicher Hinweis:<br>Hinweis zu allen Links: Mit seinem Urteil vom 12.05.1998 -312O85\/98 &#8211; \u00bbHaftung f\u00fcr Links\u00ab hat das Landgericht Hamburg entschieden, dass man durch die Anbringung eines Links, die Inhalte der gelinkten Seite ggf. mit zu verantworten hat. Dieses kann &#8211; so die Gerichtsentscheidung &#8211; nur dadurch verhindert werden, dass man sich ausdr\u00fccklich von diesen Inhalten distanziert. Hiermit distanzieren wir uns ausdr\u00fccklich von allen Inhalten aller gelinkten Seiten auf unserer Internetdarstellung und machen uns diese Inhalte nicht zu eigen. Diese Erkl\u00e4rung gilt f\u00fcr alle auf dieser Website angebrachten Links.<br>Alle auf unseren Seiten ver\u00f6ffentlichten Marken- und Produktnamen sind Warenzeichen oder eingetragene Warenzeichen und Eigentum der jeweiligen Markeninhaber.<br>Die Firma MFT Elaborazioni Sportwagenservice sorgt f\u00fcr einen kontinuierlichen Update aller auf ihrer Website enthaltenen Informationen. Das Unternehmen kann jedoch nicht f\u00fcr die Aktualit\u00e4t und Richtigkeit garantieren oder haftbar gemacht werden.<br>Die Firma MFT Elaborazioni Sportwagenservice beh\u00e4lt sich vor, \u00c4nderungen oder Erg\u00e4nzungen der bereitgestellten Informationen ohne Ank\u00fcndigung vorzunehmen.<\/p>\n\n\n\n<p>Datenschutzhinweis:<br>Ein Bezug der gespeicherten Daten auf Ihre Person ist ausgeschlossen. Sie k\u00f6nnen also unsere Web-Site ohne Offenlegung Ihrer Identit\u00e4t nutzen.<br>Die Nutzung der im Rahmen des Impressums oder vergleichbarer Angaben ver\u00f6ffentlichten Kontaktdaten durch Dritte zur \u00dcbersendung von nicht ausdr\u00fccklich angeforderten Informationen ist nicht gestattet. Die Firma MFT Elaborazioni Sportwagenservice beh\u00e4lt sich ausdr\u00fccklich juristische Schritte gegen die Versender von Spam-Mails bei Verst\u00f6\u00dfen gegen dieses Verbot vor.<\/p>\n\n\n\n<p>Haftungsausschluss:<br>Hat die Firma MFT Elaborazioni Sportwagenservice auf diesen Seiten Links zu anderen Seiten im Internet gelegt, so gilt f\u00fcr all diese Links: Die MFT Elaborazioni Sportwagenservice hat keinerlei Einfluss auf die Gestaltung und die Inhalte der gelinkten Seiten und distanziert sich hiermit ausdr\u00fccklich von allen Inhalten aller gelinkten Seiten auf dieser Homepage.<\/p>\n\n\n\n<p>Copyright:<br>Die MFT Elaborazioni Sportwagenservice-Website ist urheberrechtlich gesch\u00fctzt. Die Vervielf\u00e4ltigung von Informationen oder Daten, insbesondere die Verwendung von Texten, Textteilen oder Bildmaterial bedarf der vorherigen Zustimmung der Firma MFT Elaborazioni Sportwagenservice.<\/p>\n","protected":false},"excerpt":{"rendered":"<p>Angaben gem\u00e4\u00df \u00a7 5 TMG: MFT Elaborazioni SportwagenserviceGro\u00dfe Gasse 3561130 Nidderau Vertretungsberechtigter Gesch\u00e4ftsf\u00fchrer: Francesco Testa Verantwortlich f\u00fcr den Inhalt nach \u00a7 55 Abs. 2 RStV:Francesco Testa Kontakt:Telefon: +49(0)6187-905 312 3Telefax: +49(0)6187-936 808E-Mail: info@mft-elaborazioni.de Umsatzsteuer-ID:Umsatzsteuer-Identifikationsnummer gem\u00e4\u00df \u00a727 a Umsatzsteuergesetz:DE322074506 Rechtlicher Hinweis:Hinweis zu allen Links: Mit seinem Urteil vom 12.05.1998 -312O85\/98 &#8211; \u00bbHaftung f\u00fcr Links\u00ab hat das [&hellip;]<\/p>\n","protected":false},"author":1,"featured_media":0,"parent":0,"menu_order":7,"comment_status":"closed","ping_status":"closed","template":"","meta":[],"_links":{"self":[{"href":"https:\/\/mft-elaborazioni.de\/index.php?rest_route=\/wp\/v2\/pages\/57"}],"collection":[{"href":"https:\/\/mft-elaborazioni.de\/index.php?rest_route=\/wp\/v2\/pages"}],"about":[{"href":"https:\/\/mft-elaborazioni.de\/index.php?rest_route=\/wp\/v2\/types\/page"}],"author":[{"embeddable":true,"href":"https:\/\/mft-elaborazioni.de\/index.php?rest_route=\/wp\/v2\/users\/1"}],"replies":[{"embeddable":true,"href":"https:\/\/mft-elaborazioni.de\/index.php?rest_route=%2Fwp%2Fv2%2Fcomments&post=57"}],"version-history":[{"count":1,"href":"https:\/\/mft-elaborazioni.de\/index.php?rest_route=\/wp\/v2\/pages\/57\/revisions"}],"predecessor-version":[{"id":1294,"href":"https:\/\/mft-elaborazioni.de\/index.php?rest_route=\/wp\/v2\/pages\/57\/revisions\/1294"}],"wp:attachment":[{"href":"https:\/\/mft-elaborazioni.de\/index.php?rest_route=%2Fwp%2Fv2%2Fmedia&parent=57"}],"curies":[{"name":"wp","href":"https:\/\/api.w.org\/{rel}","templated":true}]}}