{"id":1214,"date":"2016-12-28T22:47:46","date_gmt":"2016-12-28T22:47:46","guid":{"rendered":"http:\/\/mft-elaborazioni.de\/?page_id=12"},"modified":"2023-07-30T13:35:47","modified_gmt":"2023-07-30T13:35:47","slug":"herzlich-willkommen","status":"publish","type":"page","link":"https:\/\/mft-elaborazioni.de\/","title":{"rendered":"Herzlich Willkommen"},"content":{"rendered":"<div id=\"wptjgs-gallery-1\" class=\"wpt-swiper-gallery wpt-swiper-mode-fade\" data-swiper-config=\"{&quot;effect&quot;:&quot;fade&quot;,&quot;speed&quot;:1500,&quot;grabCursor&quot;:true,&quot;loop&quot;:true,&quot;fadeEffect&quot;:{&quot;crossFade&quot;:true},&quot;autoplay&quot;:{&quot;delay&quot;:4000}}\"><div class=\"swiper\"><figure class=\"swiper-wrapper\"><figure class=\"swiper-slide\"><a href=\"https:\/\/mft-elaborazioni.de\/wp-content\/uploads\/2023\/07\/IMG_3890-scaled.jpg\" class=\"glightbox\" ><img decoding=\"async\" src=\"https:\/\/mft-elaborazioni.de\/wp-content\/uploads\/2023\/07\/IMG_3890-scaled.jpg\" \/><\/a><\/figure><figure class=\"swiper-slide\"><a href=\"https:\/\/mft-elaborazioni.de\/wp-content\/uploads\/2023\/07\/IMG_8351-scaled.jpg\" class=\"glightbox\" ><img decoding=\"async\" src=\"https:\/\/mft-elaborazioni.de\/wp-content\/uploads\/2023\/07\/IMG_8351-scaled.jpg\" \/><\/a><\/figure><figure class=\"swiper-slide\"><a href=\"https:\/\/mft-elaborazioni.de\/wp-content\/uploads\/2023\/07\/IMG_5008-scaled.jpg\" class=\"glightbox\" ><img decoding=\"async\" src=\"https:\/\/mft-elaborazioni.de\/wp-content\/uploads\/2023\/07\/IMG_5008-scaled.jpg\" \/><\/a><\/figure><figure class=\"swiper-slide\"><a href=\"https:\/\/mft-elaborazioni.de\/wp-content\/uploads\/2023\/07\/IMG_3359.png\" class=\"glightbox\" ><img decoding=\"async\" src=\"https:\/\/mft-elaborazioni.de\/wp-content\/uploads\/2023\/07\/IMG_3359.png\" \/><\/a><\/figure><figure class=\"swiper-slide\"><a href=\"https:\/\/mft-elaborazioni.de\/wp-content\/uploads\/2023\/07\/IMG_3168-scaled.jpg\" class=\"glightbox\" ><img decoding=\"async\" src=\"https:\/\/mft-elaborazioni.de\/wp-content\/uploads\/2023\/07\/IMG_3168-scaled.jpg\" \/><\/a><\/figure><figure class=\"swiper-slide\"><a href=\"https:\/\/mft-elaborazioni.de\/wp-content\/uploads\/2023\/07\/IMG_8018-scaled.jpg\" class=\"glightbox\" ><img decoding=\"async\" src=\"https:\/\/mft-elaborazioni.de\/wp-content\/uploads\/2023\/07\/IMG_8018-scaled.jpg\" \/><\/a><\/figure><figure class=\"swiper-slide\"><a href=\"https:\/\/mft-elaborazioni.de\/wp-content\/uploads\/2023\/07\/IMG_8174.png\" class=\"glightbox\" ><img decoding=\"async\" src=\"https:\/\/mft-elaborazioni.de\/wp-content\/uploads\/2023\/07\/IMG_8174.png\" \/><\/a><\/figure><figure class=\"swiper-slide\"><a href=\"https:\/\/mft-elaborazioni.de\/wp-content\/uploads\/2023\/07\/IMG_0713-scaled.jpg\" class=\"glightbox\" ><img decoding=\"async\" src=\"https:\/\/mft-elaborazioni.de\/wp-content\/uploads\/2023\/07\/IMG_0713-scaled.jpg\" \/><\/a><\/figure><figure class=\"swiper-slide\"><a href=\"https:\/\/mft-elaborazioni.de\/wp-content\/uploads\/2023\/07\/IMG_3849.png\" class=\"glightbox\" ><img decoding=\"async\" src=\"https:\/\/mft-elaborazioni.de\/wp-content\/uploads\/2023\/07\/IMG_3849.png\" \/><\/a><\/figure><figure class=\"swiper-slide\"><a href=\"https:\/\/mft-elaborazioni.de\/wp-content\/uploads\/2023\/07\/IMG_3854.png\" class=\"glightbox\" ><img decoding=\"async\" src=\"https:\/\/mft-elaborazioni.de\/wp-content\/uploads\/2023\/07\/IMG_3854.png\" \/><\/a><\/figure><figure class=\"swiper-slide\"><a href=\"https:\/\/mft-elaborazioni.de\/wp-content\/uploads\/2023\/07\/IMG_8012.png\" class=\"glightbox\" ><img decoding=\"async\" src=\"https:\/\/mft-elaborazioni.de\/wp-content\/uploads\/2023\/07\/IMG_8012.png\" \/><\/a><\/figure><figure class=\"swiper-slide\"><a href=\"https:\/\/mft-elaborazioni.de\/wp-content\/uploads\/2023\/07\/IMG_2049.png\" class=\"glightbox\" ><img decoding=\"async\" src=\"https:\/\/mft-elaborazioni.de\/wp-content\/uploads\/2023\/07\/IMG_2049.png\" \/><\/a><\/figure><figure class=\"swiper-slide\"><a href=\"https:\/\/mft-elaborazioni.de\/wp-content\/uploads\/2023\/07\/CIMG9514.jpg\" class=\"glightbox\" ><img decoding=\"async\" src=\"https:\/\/mft-elaborazioni.de\/wp-content\/uploads\/2023\/07\/CIMG9514.jpg\" \/><\/a><\/figure><figure class=\"swiper-slide\"><a href=\"https:\/\/mft-elaborazioni.de\/wp-content\/uploads\/2023\/07\/IMG_3387.png\" class=\"glightbox\" ><img decoding=\"async\" src=\"https:\/\/mft-elaborazioni.de\/wp-content\/uploads\/2023\/07\/IMG_3387.png\" \/><\/a><\/figure><\/figure><\/div><\/div>\n\n\n<h3 class=\"has-text-align-center\">Wir f\u00fcr Sie!<\/h3>\n\n\n\n<p class=\"has-text-align-center\">Mein Vater Michele und ich, sein Sohn Francesco, sind beide aufgewachsen in Randazzo, I-Sizilien. F\u00fcr einen Sohn gibt es nichts Sch\u00f6neres, als seinem Vater bei der Arbeit zuzuschauen: wie er seinen Beruf begeistert \u201elebt\u201c; wie er durch sein leidenschaftliches Schaffen auch seine Kunden begeistert.<\/p>\n\n\n\n<p class=\"has-text-align-center\">Wer Autos liebt, behandelt sie auch so. F\u00fcr jeden Menschen hat das Auto eine unterschiedliche Bedeutung. Liebe ist auch rein emotional. Voraussetzung daf\u00fcr ist Vertrauen.<\/p>\n\n\n\n<p class=\"has-text-align-center\">Dieses muss mit jedem Schritt immer wieder neu best\u00e4tigt werden. Unsere Werkstatt unterscheidet sich \u00e4u\u00dferlich kaum von anderen. Werkzeuge und klassische Hilfsmittel sind meist gleich. Bei der Auswahl von Teilen selektieren wir jedoch so, dass nur das Beste f\u00fcr Ihr Auto gew\u00e4hlt wird! Der Preis muss so kalkuliert sein, dass er keine Seite \u00fcbervorteilt.<\/p>\n\n\n\n<p class=\"has-text-align-center\">Das Allerwichtigste ist die Verl\u00e4sslichkeit! Heute schaue ich meinem Vater nicht nur zu, sondern stehe ihm zur Seite und packe fest mit an. Wir erg\u00e4nzen unsere F\u00e4higkeiten und Kompetenzen. So werden Erfahrung und gegenw\u00e4rtiges Handeln zu einem kundenorientierten Credo!<\/p>\n\n\n\n<p class=\"has-text-align-center\">Wer mit Freude und Liebe arbeitet, ist qualitativ erfolgreicher. Das ist die Begeisterung, die sich auf Sie \u2013 unseren Kunden \u2013 \u00fcbertr\u00e4gt!<\/p>\n\n\n\n<h3 class=\"has-text-align-center\">Herzlichst Ihr MFT-Team,<\/h3>\n\n\n\n<h3 class=\"has-text-align-center\">Michele und Francesco Testa<\/h3>\n","protected":false},"excerpt":{"rendered":"<p>Wir f\u00fcr Sie! Mein Vater Michele und ich, sein Sohn Francesco, sind beide aufgewachsen in Randazzo, I-Sizilien. F\u00fcr einen Sohn gibt es nichts Sch\u00f6neres, als seinem Vater bei der Arbeit zuzuschauen: wie er seinen Beruf begeistert \u201elebt\u201c; wie er durch sein leidenschaftliches Schaffen auch seine Kunden begeistert. Wer Autos liebt, behandelt sie auch so. F\u00fcr [&hellip;]<\/p>\n","protected":false},"author":1,"featured_media":0,"parent":0,"menu_order":1,"comment_status":"closed","ping_status":"closed","template":"","meta":[],"_links":{"self":[{"href":"https:\/\/mft-elaborazioni.de\/index.php?rest_route=\/wp\/v2\/pages\/1214"}],"collection":[{"href":"https:\/\/mft-elaborazioni.de\/index.php?rest_route=\/wp\/v2\/pages"}],"about":[{"href":"https:\/\/mft-elaborazioni.de\/index.php?rest_route=\/wp\/v2\/types\/page"}],"author":[{"embeddable":true,"href":"https:\/\/mft-elaborazioni.de\/index.php?rest_route=\/wp\/v2\/users\/1"}],"replies":[{"embeddable":true,"href":"https:\/\/mft-elaborazioni.de\/index.php?rest_route=%2Fwp%2Fv2%2Fcomments&post=1214"}],"version-history":[{"count":7,"href":"https:\/\/mft-elaborazioni.de\/index.php?rest_route=\/wp\/v2\/pages\/1214\/revisions"}],"predecessor-version":[{"id":1511,"href":"https:\/\/mft-elaborazioni.de\/index.php?rest_route=\/wp\/v2\/pages\/1214\/revisions\/1511"}],"wp:attachment":[{"href":"https:\/\/mft-elaborazioni.de\/index.php?rest_route=%2Fwp%2Fv2%2Fmedia&parent=1214"}],"curies":[{"name":"wp","href":"https:\/\/api.w.org\/{rel}","templated":true}]}}